{"id":1461,"date":"2021-12-02T19:30:28","date_gmt":"2021-12-03T00:30:28","guid":{"rendered":"http:\/\/grupoar.com.co\/?page_id=1461"},"modified":"2021-12-20T09:25:56","modified_gmt":"2021-12-20T14:25:56","slug":"ar-hoteles","status":"publish","type":"page","link":"https:\/\/grupoar.com.co\/?page_id=1461","title":{"rendered":"AR Hoteles"},"content":{"rendered":"\n<div class=\"wp-block-cover alignfull has-nv-light-bg-background-color has-background-dim\" style=\"min-height:600px;aspect-ratio:unset;\"><div class=\"wp-block-cover__inner-container is-layout-flow wp-block-cover-is-layout-flow\">\n<div style=\"height:80px\" aria-hidden=\"true\" class=\"wp-block-spacer\"><\/div>\n\n\n\n<div class=\"wp-block-group\"><div class=\"wp-block-group__inner-container is-layout-flow wp-block-group-is-layout-flow\">\n<div class=\"wp-block-columns is-layout-flex wp-container-core-columns-is-layout-9d6595d7 wp-block-columns-is-layout-flex\">\n<div class=\"wp-block-column is-layout-flow wp-block-column-is-layout-flow\">\n<figure class=\"wp-block-image size-full\"><img loading=\"lazy\" decoding=\"async\" width=\"1900\" height=\"1268\" src=\"https:\/\/grupoar.com.co\/wp-content\/uploads\/2021\/12\/lobby.jpeg\" alt=\"\" class=\"wp-image-1587\"\/><\/figure>\n<\/div>\n\n\n\n<div class=\"wp-block-column is-layout-flow wp-block-column-is-layout-flow\">\n<p class=\"has-neve-text-color-color has-text-color\">Ar hoteles es una empresa que brinda soluciones para la conceptualizaci\u00f3n, desarrollo y operaci\u00f3n de servicios tur\u00edsticos, hoteleros, inmobiliarios, gastron\u00f3micos y de bienestar; multimarca y multisegmento, que tiene como objetivo lograr la mayor rentabilidad, satisfacci\u00f3n de clientes y potenciar el desarrollo para inversionistas y colaboradores. <\/p>\n<\/div>\n<\/div>\n\n\n\n<div class=\"wp-block-columns is-layout-flex wp-container-core-columns-is-layout-9d6595d7 wp-block-columns-is-layout-flex\">\n<div class=\"wp-block-column is-layout-flow wp-block-column-is-layout-flow\" style=\"flex-basis:25%\"><\/div>\n\n\n\n<div class=\"wp-block-column is-layout-flow wp-block-column-is-layout-flow\" style=\"flex-basis:50%\">\n<h3 class=\"has-text-align-center wp-block-heading\"><span class=\"has-inline-color has-neve-link-color-color\">\u00bfPor qu\u00e9 escogernos como operador? <\/span><\/h3>\n<\/div>\n\n\n\n<div class=\"wp-block-column is-layout-flow wp-block-column-is-layout-flow\" style=\"flex-basis:25%\"><\/div>\n<\/div>\n<\/div><\/div>\n\n\n\n<div class=\"wp-block-columns is-layout-flex wp-container-core-columns-is-layout-9d6595d7 wp-block-columns-is-layout-flex\">\n<div class=\"wp-block-column is-layout-flow wp-block-column-is-layout-flow\">\n<h4 class=\"has-text-align-center wp-block-heading\"><span class=\"has-inline-color has-neve-link-color-color\">Experiencia<\/span><\/h4>\n\n\n\n<p class=\"has-neve-text-color-color has-text-color\">Contamos con m\u00e1s de 40 a\u00f1os de experiencia en el desarrollo de proyectos; y la unidad hotelera de ar a manejado diferentes marcas tales como ar hoteles, Radisson y Hilton. Las cuales nos han permitido adquirir experiencia en los diferentes est\u00e1ndares de servicio, operaci\u00f3n y de comercializaci\u00f3n. <\/p>\n<\/div>\n\n\n\n<div class=\"wp-block-column is-layout-flow wp-block-column-is-layout-flow\">\n<h4 class=\"has-text-align-center wp-block-heading\"><span class=\"has-inline-color has-neve-link-color-color\">Respaldo<\/span><\/h4>\n\n\n\n<p class=\"has-neve-text-color-color has-text-color\">Hacemos parte del grupo ar, empresa colombiana, constructora de proyectos inmobiliarios integrales, lo que nos permite compartir conocimientos t\u00e9cnicos y una amplia gama de herramientas para el modelo de negocio y el conocimiento del mercado. <\/p>\n<\/div>\n<\/div>\n\n\n\n<div class=\"wp-block-columns is-layout-flex wp-container-core-columns-is-layout-9d6595d7 wp-block-columns-is-layout-flex\">\n<div class=\"wp-block-column is-layout-flow wp-block-column-is-layout-flow\">\n<h4 class=\"has-text-align-center wp-block-heading\"><span class=\"has-inline-color has-neve-link-color-color\">Capital humano<\/span><\/h4>\n\n\n\n<p class=\"has-neve-text-color-color has-text-color\">Contamos con un equipo experto en gesti\u00f3n y operaci\u00f3n; profesionales apasionados cuyo entusiasmo y dedicaci\u00f3n al trabajo es fundamental para el \u00e9xito de los negocios.<\/p>\n<\/div>\n\n\n\n<div class=\"wp-block-column is-layout-flow wp-block-column-is-layout-flow\">\n<h4 class=\"has-text-align-center wp-block-heading\"><span class=\"has-inline-color has-neve-link-color-color\">Optimizaci\u00f3n de costos<\/span><\/h4>\n\n\n\n<p class=\"has-neve-text-color-color has-text-color\">A trav\u00e9s de nuestra cadena de abastecimiento logramos econom\u00edas de escala que impactan directamente en la rentabilidad del propietario o socio.<\/p>\n<\/div>\n<\/div>\n\n\n\n<div style=\"height:50px\" aria-hidden=\"true\" class=\"wp-block-spacer\"><\/div>\n\n\n\n<div class=\"wp-block-buttons is-content-justification-center is-layout-flex wp-block-buttons-is-layout-flex\">\n<div class=\"wp-block-button is-style-primary\"><a class=\"wp-block-button__link\" href=\"https:\/\/www.hotelesar.com\/\" target=\"_blank\" rel=\"noreferrer noopener\">IR A LA WEB<\/a><\/div>\n<\/div>\n\n\n\n<div style=\"height:100px\" aria-hidden=\"true\" class=\"wp-block-spacer\"><\/div>\n<\/div><\/div>\n","protected":false},"excerpt":{"rendered":"","protected":false},"author":27,"featured_media":1587,"parent":0,"menu_order":0,"comment_status":"closed","ping_status":"closed","template":"","meta":{"neve_meta_sidebar":"default","neve_meta_container":"","neve_meta_enable_content_width":"on","neve_meta_content_width":100,"neve_meta_title_alignment":"","neve_meta_author_avatar":"","neve_post_elements_order":"","neve_meta_disable_header":"","neve_meta_disable_footer":"","neve_meta_disable_title":"off","footnotes":""},"class_list":["post-1461","page","type-page","status-publish","has-post-thumbnail","hentry"],"yoast_head":"<!-- This site is optimized with the Yoast SEO plugin v27.5 - https:\/\/yoast.com\/product\/yoast-seo-wordpress\/ -->\r\n<title>AR Hoteles - AR Grupo Empresarial<\/title>\r\n<meta name=\"robots\" content=\"noindex, follow, max-snippet:-1, max-image-preview:large, max-video-preview:-1\" \/>\r\n<meta property=\"og:locale\" content=\"es_ES\" \/>\r\n<meta property=\"og:type\" content=\"article\" \/>\r\n<meta property=\"og:title\" content=\"AR Hoteles - AR Grupo Empresarial\" \/>\r\n<meta property=\"og:url\" content=\"https:\/\/grupoar.com.co\/?page_id=1461\" \/>\r\n<meta property=\"og:site_name\" content=\"AR Grupo Empresarial\" \/>\r\n<meta property=\"article:modified_time\" content=\"2021-12-20T14:25:56+00:00\" \/>\r\n<meta property=\"og:image\" content=\"https:\/\/grupoar.com.co\/wp-content\/uploads\/2021\/12\/lobby.jpeg\" \/>\r\n\t<meta property=\"og:image:width\" content=\"1900\" \/>\r\n\t<meta property=\"og:image:height\" content=\"1268\" \/>\r\n\t<meta property=\"og:image:type\" content=\"image\/jpeg\" \/>\r\n<meta name=\"twitter:card\" content=\"summary_large_image\" \/>\r\n<meta name=\"twitter:label1\" content=\"Tiempo de lectura\" \/>\n\t<meta name=\"twitter:data1\" content=\"1 minuto\" \/>\r\n<script type=\"application\/ld+json\" class=\"yoast-schema-graph\">{\"@context\":\"https:\\\/\\\/schema.org\",\"@graph\":[{\"@type\":\"WebPage\",\"@id\":\"https:\\\/\\\/grupoar.com.co\\\/?page_id=1461\",\"url\":\"https:\\\/\\\/grupoar.com.co\\\/?page_id=1461\",\"name\":\"AR Hoteles - AR Grupo Empresarial\",\"isPartOf\":{\"@id\":\"https:\\\/\\\/grupoar.com.co\\\/#website\"},\"primaryImageOfPage\":{\"@id\":\"https:\\\/\\\/grupoar.com.co\\\/?page_id=1461#primaryimage\"},\"image\":{\"@id\":\"https:\\\/\\\/grupoar.com.co\\\/?page_id=1461#primaryimage\"},\"thumbnailUrl\":\"https:\\\/\\\/grupoar.com.co\\\/wp-content\\\/uploads\\\/2021\\\/12\\\/lobby.jpeg\",\"datePublished\":\"2021-12-03T00:30:28+00:00\",\"dateModified\":\"2021-12-20T14:25:56+00:00\",\"breadcrumb\":{\"@id\":\"https:\\\/\\\/grupoar.com.co\\\/?page_id=1461#breadcrumb\"},\"inLanguage\":\"es-CO\",\"potentialAction\":[{\"@type\":\"ReadAction\",\"target\":[\"https:\\\/\\\/grupoar.com.co\\\/?page_id=1461\"]}]},{\"@type\":\"ImageObject\",\"inLanguage\":\"es-CO\",\"@id\":\"https:\\\/\\\/grupoar.com.co\\\/?page_id=1461#primaryimage\",\"url\":\"https:\\\/\\\/grupoar.com.co\\\/wp-content\\\/uploads\\\/2021\\\/12\\\/lobby.jpeg\",\"contentUrl\":\"https:\\\/\\\/grupoar.com.co\\\/wp-content\\\/uploads\\\/2021\\\/12\\\/lobby.jpeg\",\"width\":1900,\"height\":1268,\"caption\":\"hoteles AR\"},{\"@type\":\"BreadcrumbList\",\"@id\":\"https:\\\/\\\/grupoar.com.co\\\/?page_id=1461#breadcrumb\",\"itemListElement\":[{\"@type\":\"ListItem\",\"position\":1,\"name\":\"Inicio\",\"item\":\"https:\\\/\\\/grupoar.com.co\\\/\"},{\"@type\":\"ListItem\",\"position\":2,\"name\":\"AR Hoteles\"}]},{\"@type\":\"WebSite\",\"@id\":\"https:\\\/\\\/grupoar.com.co\\\/#website\",\"url\":\"https:\\\/\\\/grupoar.com.co\\\/\",\"name\":\"AR Grupo Empresarial\",\"description\":\"AR Grupo Empresarial\",\"publisher\":{\"@id\":\"https:\\\/\\\/grupoar.com.co\\\/#organization\"},\"potentialAction\":[{\"@type\":\"SearchAction\",\"target\":{\"@type\":\"EntryPoint\",\"urlTemplate\":\"https:\\\/\\\/grupoar.com.co\\\/?s={search_term_string}\"},\"query-input\":{\"@type\":\"PropertyValueSpecification\",\"valueRequired\":true,\"valueName\":\"search_term_string\"}}],\"inLanguage\":\"es-CO\"},{\"@type\":\"Organization\",\"@id\":\"https:\\\/\\\/grupoar.com.co\\\/#organization\",\"name\":\"AR Grupo Empresarial\",\"url\":\"https:\\\/\\\/grupoar.com.co\\\/\",\"logo\":{\"@type\":\"ImageObject\",\"inLanguage\":\"es-CO\",\"@id\":\"https:\\\/\\\/grupoar.com.co\\\/#\\\/schema\\\/logo\\\/image\\\/\",\"url\":\"https:\\\/\\\/grupoar.com.co\\\/wp-content\\\/uploads\\\/2021\\\/12\\\/Logo-Grupo-AR.png\",\"contentUrl\":\"https:\\\/\\\/grupoar.com.co\\\/wp-content\\\/uploads\\\/2021\\\/12\\\/Logo-Grupo-AR.png\",\"width\":500,\"height\":219,\"caption\":\"AR Grupo Empresarial\"},\"image\":{\"@id\":\"https:\\\/\\\/grupoar.com.co\\\/#\\\/schema\\\/logo\\\/image\\\/\"}}]}<\/script>\r\n<!-- \/ Yoast SEO plugin. -->","yoast_head_json":{"title":"AR Hoteles - AR Grupo Empresarial","robots":{"index":"noindex","follow":"follow","max-snippet":"max-snippet:-1","max-image-preview":"max-image-preview:large","max-video-preview":"max-video-preview:-1"},"og_locale":"es_ES","og_type":"article","og_title":"AR Hoteles - AR Grupo Empresarial","og_url":"https:\/\/grupoar.com.co\/?page_id=1461","og_site_name":"AR Grupo Empresarial","article_modified_time":"2021-12-20T14:25:56+00:00","og_image":[{"width":1900,"height":1268,"url":"https:\/\/grupoar.com.co\/wp-content\/uploads\/2021\/12\/lobby.jpeg","type":"image\/jpeg"}],"twitter_card":"summary_large_image","twitter_misc":{"Tiempo de lectura":"1 minuto"},"schema":{"@context":"https:\/\/schema.org","@graph":[{"@type":"WebPage","@id":"https:\/\/grupoar.com.co\/?page_id=1461","url":"https:\/\/grupoar.com.co\/?page_id=1461","name":"AR Hoteles - AR Grupo Empresarial","isPartOf":{"@id":"https:\/\/grupoar.com.co\/#website"},"primaryImageOfPage":{"@id":"https:\/\/grupoar.com.co\/?page_id=1461#primaryimage"},"image":{"@id":"https:\/\/grupoar.com.co\/?page_id=1461#primaryimage"},"thumbnailUrl":"https:\/\/grupoar.com.co\/wp-content\/uploads\/2021\/12\/lobby.jpeg","datePublished":"2021-12-03T00:30:28+00:00","dateModified":"2021-12-20T14:25:56+00:00","breadcrumb":{"@id":"https:\/\/grupoar.com.co\/?page_id=1461#breadcrumb"},"inLanguage":"es-CO","potentialAction":[{"@type":"ReadAction","target":["https:\/\/grupoar.com.co\/?page_id=1461"]}]},{"@type":"ImageObject","inLanguage":"es-CO","@id":"https:\/\/grupoar.com.co\/?page_id=1461#primaryimage","url":"https:\/\/grupoar.com.co\/wp-content\/uploads\/2021\/12\/lobby.jpeg","contentUrl":"https:\/\/grupoar.com.co\/wp-content\/uploads\/2021\/12\/lobby.jpeg","width":1900,"height":1268,"caption":"hoteles AR"},{"@type":"BreadcrumbList","@id":"https:\/\/grupoar.com.co\/?page_id=1461#breadcrumb","itemListElement":[{"@type":"ListItem","position":1,"name":"Inicio","item":"https:\/\/grupoar.com.co\/"},{"@type":"ListItem","position":2,"name":"AR Hoteles"}]},{"@type":"WebSite","@id":"https:\/\/grupoar.com.co\/#website","url":"https:\/\/grupoar.com.co\/","name":"AR Grupo Empresarial","description":"AR Grupo Empresarial","publisher":{"@id":"https:\/\/grupoar.com.co\/#organization"},"potentialAction":[{"@type":"SearchAction","target":{"@type":"EntryPoint","urlTemplate":"https:\/\/grupoar.com.co\/?s={search_term_string}"},"query-input":{"@type":"PropertyValueSpecification","valueRequired":true,"valueName":"search_term_string"}}],"inLanguage":"es-CO"},{"@type":"Organization","@id":"https:\/\/grupoar.com.co\/#organization","name":"AR Grupo Empresarial","url":"https:\/\/grupoar.com.co\/","logo":{"@type":"ImageObject","inLanguage":"es-CO","@id":"https:\/\/grupoar.com.co\/#\/schema\/logo\/image\/","url":"https:\/\/grupoar.com.co\/wp-content\/uploads\/2021\/12\/Logo-Grupo-AR.png","contentUrl":"https:\/\/grupoar.com.co\/wp-content\/uploads\/2021\/12\/Logo-Grupo-AR.png","width":500,"height":219,"caption":"AR Grupo Empresarial"},"image":{"@id":"https:\/\/grupoar.com.co\/#\/schema\/logo\/image\/"}}]}},"_links":{"self":[{"href":"https:\/\/grupoar.com.co\/index.php?rest_route=\/wp\/v2\/pages\/1461","targetHints":{"allow":["GET"]}}],"collection":[{"href":"https:\/\/grupoar.com.co\/index.php?rest_route=\/wp\/v2\/pages"}],"about":[{"href":"https:\/\/grupoar.com.co\/index.php?rest_route=\/wp\/v2\/types\/page"}],"author":[{"embeddable":true,"href":"https:\/\/grupoar.com.co\/index.php?rest_route=\/wp\/v2\/users\/27"}],"replies":[{"embeddable":true,"href":"https:\/\/grupoar.com.co\/index.php?rest_route=%2Fwp%2Fv2%2Fcomments&post=1461"}],"version-history":[{"count":10,"href":"https:\/\/grupoar.com.co\/index.php?rest_route=\/wp\/v2\/pages\/1461\/revisions"}],"predecessor-version":[{"id":1591,"href":"https:\/\/grupoar.com.co\/index.php?rest_route=\/wp\/v2\/pages\/1461\/revisions\/1591"}],"wp:featuredmedia":[{"embeddable":true,"href":"https:\/\/grupoar.com.co\/index.php?rest_route=\/wp\/v2\/media\/1587"}],"wp:attachment":[{"href":"https:\/\/grupoar.com.co\/index.php?rest_route=%2Fwp%2Fv2%2Fmedia&parent=1461"}],"curies":[{"name":"wp","href":"https:\/\/api.w.org\/{rel}","templated":true}]}}