{"id":1464,"date":"2021-12-02T19:30:49","date_gmt":"2021-12-03T00:30:49","guid":{"rendered":"http:\/\/grupoar.com.co\/?page_id=1464"},"modified":"2021-12-20T10:11:08","modified_gmt":"2021-12-20T15:11:08","slug":"quienes-somos","status":"publish","type":"page","link":"https:\/\/grupoar.com.co\/?page_id=1464","title":{"rendered":"\u00bfQui\u00e9nes somos?"},"content":{"rendered":"\n<div class=\"wp-block-cover alignfull has-nv-light-bg-background-color has-background-dim\" style=\"min-height:600px;aspect-ratio:unset;\"><div class=\"wp-block-cover__inner-container is-layout-flow wp-block-cover-is-layout-flow\">\n<div class=\"wp-block-group\"><div class=\"wp-block-group__inner-container is-layout-flow wp-block-group-is-layout-flow\">\n<div style=\"height:80px\" aria-hidden=\"true\" class=\"wp-block-spacer\"><\/div>\n\n\n\n<div class=\"wp-block-columns are-vertically-aligned-center is-layout-flex wp-container-core-columns-is-layout-9d6595d7 wp-block-columns-is-layout-flex\">\n<div class=\"wp-block-column is-vertically-aligned-center is-layout-flow wp-block-column-is-layout-flow\" style=\"flex-basis:50%\">\n<figure class=\"wp-block-image size-full\"><img loading=\"lazy\" decoding=\"async\" width=\"1000\" height=\"833\" src=\"https:\/\/grupoar.com.co\/wp-content\/uploads\/2021\/12\/arconstrucciones.jpeg\" alt=\"ar construcciones\" class=\"wp-image-1593\"\/><\/figure>\n<\/div>\n\n\n\n<div class=\"wp-block-column is-vertically-aligned-center is-layout-flow wp-block-column-is-layout-flow\" style=\"flex-basis:50%\">\n<h2 class=\"has-neve-text-color-color has-text-color wp-block-heading\">Nuestra <span class=\"has-inline-color has-neve-link-color-color\">Historia<\/span><\/h2>\n\n\n\n<p class=\"has-neve-text-color-color has-text-color\">AR Construcciones S.A.S. fue fundada en el a\u00f1o 1978 por una familia de emprendedores colombianos, luego de m\u00e1s de cuatro d\u00e9cadas se ha convertido en una compa\u00f1\u00eda s\u00f3lida, experimentada e interesada en el bienestar de los colombianos. <br><br>Afrontando retos de gran magnitud que mejoren la calidad de vida de las personas, logrando excelentes urbanismos y dise\u00f1os de buen gusto, todo eso con el prop\u00f3sito de generar impactos positivos a la comunidad, bienestar a la ciudad y contribuci\u00f3n al desarrollo de pa\u00eds. Los proyectos de AR Construcciones han abarcado todos los estratos sociales, ajust\u00e1ndose con \u00e9xito a todas las demandas del mercado como: viviendas, oficinas, consultorios, inmuebles comerciales y hoteles. <br><br>Hoy AR Construcciones ha elaborado proyectos de diversos tipos, entregando m\u00e1s de 15.000 unidades de viviendas y haciendo realidad los sue\u00f1os de miles de familias colombianas. Por \u00faltimo, ha llegado a vender m\u00e1s de 1.000 viviendas anuales a nivel nacional, constituy\u00e9ndose como una empresa con respaldo y confiabilidad.<\/p>\n<\/div>\n<\/div>\n\n\n\n<div style=\"height:40px\" aria-hidden=\"true\" class=\"wp-block-spacer\"><\/div>\n<\/div><\/div>\n<\/div><\/div>\n\n\n\n<div class=\"wp-block-cover alignfull has-nv-dark-bg-background-color has-background-dim\" style=\"min-height:600px;aspect-ratio:unset;\"><div class=\"wp-block-cover__inner-container is-layout-flow wp-block-cover-is-layout-flow\">\n<div class=\"wp-block-group\"><div class=\"wp-block-group__inner-container is-layout-flow wp-block-group-is-layout-flow\">\n<div style=\"height:80px\" aria-hidden=\"true\" class=\"wp-block-spacer\"><\/div>\n\n\n\n<div class=\"wp-block-columns are-vertically-aligned-center is-layout-flex wp-container-core-columns-is-layout-9d6595d7 wp-block-columns-is-layout-flex\">\n<div class=\"wp-block-column is-vertically-aligned-center is-layout-flow wp-block-column-is-layout-flow\" style=\"flex-basis:50%\">\n<h2 class=\"has-nv-text-dark-bg-color has-text-color wp-block-heading\">Nuestra <span class=\"has-inline-color has-neve-link-color-color\">Misi\u00f3n<\/span><\/h2>\n\n\n\n<p class=\"has-nv-text-dark-bg-color has-text-color\">Construimos proyectos inmobiliarios integrales para hacer realidad los sue\u00f1os de nuestros clientes.<\/p>\n\n\n\n<h2 class=\"has-nv-text-dark-bg-color has-text-color wp-block-heading\">Nuestra <span class=\"has-inline-color has-neve-link-color-color\">Visi\u00f3n<\/span><\/h2>\n\n\n\n<p class=\"has-nv-text-dark-bg-color has-text-color\">Convertirnos en la constructora con la mejor opci\u00f3n inmobiliaria para nuestros clientes.<\/p>\n\n\n\n<div style=\"height:20px\" aria-hidden=\"true\" class=\"wp-block-spacer\"><\/div>\n\n\n\n<div style=\"height:20px\" aria-hidden=\"true\" class=\"wp-block-spacer\"><\/div>\n<\/div>\n\n\n\n<div class=\"wp-block-column is-vertically-aligned-center is-layout-flow wp-block-column-is-layout-flow\" style=\"flex-basis:50%\">\n<figure class=\"wp-block-image size-full\"><img loading=\"lazy\" decoding=\"async\" width=\"1280\" height=\"720\" src=\"https:\/\/grupoar.com.co\/wp-content\/uploads\/2021\/01\/3.jpg\" alt=\"\" class=\"wp-image-1278\"\/><\/figure>\n<\/div>\n<\/div>\n\n\n\n<div style=\"height:40px\" aria-hidden=\"true\" class=\"wp-block-spacer\"><\/div>\n<\/div><\/div>\n<\/div><\/div>\n\n\n\n<div class=\"wp-block-cover alignfull has-nv-site-bg-background-color has-background-dim\" style=\"min-height:420px;aspect-ratio:unset;\"><div class=\"wp-block-cover__inner-container is-layout-flow wp-block-cover-is-layout-flow\">\n<div style=\"height:80px\" aria-hidden=\"true\" class=\"wp-block-spacer\"><\/div>\n\n\n\n<h2 class=\"has-text-align-center wp-block-heading\"><span class=\"has-inline-color has-neve-text-color-color\">Nuestros <\/span><span class=\"has-inline-color has-neve-link-color-color\">Valores<\/span><\/h2>\n\n\n\n<p class=\"has-text-align-center has-medium-font-size\"><span class=\"has-inline-color has-neve-text-color-color\">La pasi\u00f3n con que trabajamos en AR Construcciones, nos permite<\/span><\/p>\n\n\n\n<div class=\"wp-block-columns is-layout-flex wp-container-core-columns-is-layout-9d6595d7 wp-block-columns-is-layout-flex\">\n<div class=\"wp-block-column ticss-4ce656f1 is-layout-flow wp-block-column-is-layout-flow\">\n<div class=\"wp-block-image icon-style is-style-rounded\"><figure class=\"aligncenter size-large\"><img decoding=\"async\" src=\"https:\/\/api.themeisle.com\/templates-data\/2020\/11\/ebf0233ced7259cf0838b7ba6d3aee070qhau2t6eoekosrgo1a2\/images\/neve-webdesign-GB-03.png\" alt=\"\" class=\"wp-image-20\"\/><\/figure><\/div>\n\n\n\n<h3 class=\"has-text-align-center has-neve-text-color-color has-text-color wp-block-heading\">Innovar en nuestros productos<\/h3>\n\n\n\n<div style=\"height:20px\" aria-hidden=\"true\" class=\"wp-block-spacer\"><\/div>\n<\/div>\n\n\n\n<div class=\"wp-block-column ticss-f6fc7494 is-layout-flow wp-block-column-is-layout-flow\">\n<div class=\"wp-block-image icon-style is-style-rounded\"><figure class=\"aligncenter size-large\"><img decoding=\"async\" src=\"https:\/\/api.themeisle.com\/templates-data\/2020\/11\/ebf0233ced7259cf0838b7ba6d3aee070qhau2t6eoekosrgo1a2\/images\/neve-webdesign-GB-03.png\" alt=\"\" class=\"wp-image-20\"\/><\/figure><\/div>\n\n\n\n<h3 class=\"has-text-align-center has-neve-text-color-color has-text-color wp-block-heading\">Enfocarnos en los clientes<\/h3>\n\n\n\n<div style=\"height:20px\" aria-hidden=\"true\" class=\"wp-block-spacer\"><\/div>\n<\/div>\n\n\n\n<div class=\"wp-block-column ticss-a5b4df29 is-layout-flow wp-block-column-is-layout-flow\">\n<div class=\"wp-block-image icon-style is-style-rounded\"><figure class=\"aligncenter size-large\"><img decoding=\"async\" src=\"https:\/\/api.themeisle.com\/templates-data\/2020\/11\/ebf0233ced7259cf0838b7ba6d3aee070qhau2t6eoekosrgo1a2\/images\/neve-webdesign-GB-03.png\" alt=\"\" class=\"wp-image-20\"\/><\/figure><\/div>\n\n\n\n<h3 class=\"has-text-align-center has-neve-text-color-color has-text-color wp-block-heading\">Trabajar en equipo<\/h3>\n\n\n\n<div style=\"height:20px\" aria-hidden=\"true\" class=\"wp-block-spacer\"><\/div>\n<\/div>\n<\/div>\n\n\n\n<div style=\"height:30px\" aria-hidden=\"true\" class=\"wp-block-spacer\"><\/div>\n<\/div><\/div>\n","protected":false},"excerpt":{"rendered":"","protected":false},"author":27,"featured_media":1280,"parent":0,"menu_order":0,"comment_status":"closed","ping_status":"closed","template":"","meta":{"neve_meta_sidebar":"default","neve_meta_container":"default","neve_meta_enable_content_width":"on","neve_meta_content_width":100,"neve_meta_title_alignment":"","neve_meta_author_avatar":"","neve_post_elements_order":"","neve_meta_disable_header":"","neve_meta_disable_footer":"","neve_meta_disable_title":"off","footnotes":""},"class_list":["post-1464","page","type-page","status-publish","has-post-thumbnail","hentry"],"yoast_head":"<!-- This site is optimized with the Yoast SEO plugin v27.5 - https:\/\/yoast.com\/product\/yoast-seo-wordpress\/ -->\r\n<title>\u00bfQui\u00e9nes somos? - AR Grupo Empresarial<\/title>\r\n<meta name=\"robots\" content=\"noindex, follow, max-snippet:-1, max-image-preview:large, max-video-preview:-1\" \/>\r\n<meta property=\"og:locale\" content=\"es_ES\" \/>\r\n<meta property=\"og:type\" content=\"article\" \/>\r\n<meta property=\"og:title\" content=\"\u00bfQui\u00e9nes somos? - AR Grupo Empresarial\" \/>\r\n<meta property=\"og:url\" content=\"https:\/\/grupoar.com.co\/?page_id=1464\" \/>\r\n<meta property=\"og:site_name\" content=\"AR Grupo Empresarial\" \/>\r\n<meta property=\"article:modified_time\" content=\"2021-12-20T15:11:08+00:00\" \/>\r\n<meta property=\"og:image\" content=\"https:\/\/grupoar.com.co\/wp-content\/uploads\/2021\/01\/1.jpg\" \/>\r\n\t<meta property=\"og:image:width\" content=\"1280\" \/>\r\n\t<meta property=\"og:image:height\" content=\"720\" \/>\r\n\t<meta property=\"og:image:type\" content=\"image\/jpeg\" \/>\r\n<meta name=\"twitter:card\" content=\"summary_large_image\" \/>\r\n<meta name=\"twitter:label1\" content=\"Tiempo de lectura\" \/>\n\t<meta name=\"twitter:data1\" content=\"1 minuto\" \/>\r\n<script type=\"application\/ld+json\" class=\"yoast-schema-graph\">{\"@context\":\"https:\\\/\\\/schema.org\",\"@graph\":[{\"@type\":\"WebPage\",\"@id\":\"https:\\\/\\\/grupoar.com.co\\\/?page_id=1464\",\"url\":\"https:\\\/\\\/grupoar.com.co\\\/?page_id=1464\",\"name\":\"\u00bfQui\u00e9nes somos? - AR Grupo Empresarial\",\"isPartOf\":{\"@id\":\"https:\\\/\\\/grupoar.com.co\\\/#website\"},\"primaryImageOfPage\":{\"@id\":\"https:\\\/\\\/grupoar.com.co\\\/?page_id=1464#primaryimage\"},\"image\":{\"@id\":\"https:\\\/\\\/grupoar.com.co\\\/?page_id=1464#primaryimage\"},\"thumbnailUrl\":\"https:\\\/\\\/grupoar.com.co\\\/wp-content\\\/uploads\\\/2021\\\/01\\\/1.jpg\",\"datePublished\":\"2021-12-03T00:30:49+00:00\",\"dateModified\":\"2021-12-20T15:11:08+00:00\",\"breadcrumb\":{\"@id\":\"https:\\\/\\\/grupoar.com.co\\\/?page_id=1464#breadcrumb\"},\"inLanguage\":\"es-CO\",\"potentialAction\":[{\"@type\":\"ReadAction\",\"target\":[\"https:\\\/\\\/grupoar.com.co\\\/?page_id=1464\"]}]},{\"@type\":\"ImageObject\",\"inLanguage\":\"es-CO\",\"@id\":\"https:\\\/\\\/grupoar.com.co\\\/?page_id=1464#primaryimage\",\"url\":\"https:\\\/\\\/grupoar.com.co\\\/wp-content\\\/uploads\\\/2021\\\/01\\\/1.jpg\",\"contentUrl\":\"https:\\\/\\\/grupoar.com.co\\\/wp-content\\\/uploads\\\/2021\\\/01\\\/1.jpg\",\"width\":1280,\"height\":720,\"caption\":\"quienes somos\"},{\"@type\":\"BreadcrumbList\",\"@id\":\"https:\\\/\\\/grupoar.com.co\\\/?page_id=1464#breadcrumb\",\"itemListElement\":[{\"@type\":\"ListItem\",\"position\":1,\"name\":\"Inicio\",\"item\":\"https:\\\/\\\/grupoar.com.co\\\/\"},{\"@type\":\"ListItem\",\"position\":2,\"name\":\"\u00bfQui\u00e9nes somos?\"}]},{\"@type\":\"WebSite\",\"@id\":\"https:\\\/\\\/grupoar.com.co\\\/#website\",\"url\":\"https:\\\/\\\/grupoar.com.co\\\/\",\"name\":\"AR Grupo Empresarial\",\"description\":\"AR Grupo Empresarial\",\"publisher\":{\"@id\":\"https:\\\/\\\/grupoar.com.co\\\/#organization\"},\"potentialAction\":[{\"@type\":\"SearchAction\",\"target\":{\"@type\":\"EntryPoint\",\"urlTemplate\":\"https:\\\/\\\/grupoar.com.co\\\/?s={search_term_string}\"},\"query-input\":{\"@type\":\"PropertyValueSpecification\",\"valueRequired\":true,\"valueName\":\"search_term_string\"}}],\"inLanguage\":\"es-CO\"},{\"@type\":\"Organization\",\"@id\":\"https:\\\/\\\/grupoar.com.co\\\/#organization\",\"name\":\"AR Grupo Empresarial\",\"url\":\"https:\\\/\\\/grupoar.com.co\\\/\",\"logo\":{\"@type\":\"ImageObject\",\"inLanguage\":\"es-CO\",\"@id\":\"https:\\\/\\\/grupoar.com.co\\\/#\\\/schema\\\/logo\\\/image\\\/\",\"url\":\"https:\\\/\\\/grupoar.com.co\\\/wp-content\\\/uploads\\\/2021\\\/12\\\/Logo-Grupo-AR.png\",\"contentUrl\":\"https:\\\/\\\/grupoar.com.co\\\/wp-content\\\/uploads\\\/2021\\\/12\\\/Logo-Grupo-AR.png\",\"width\":500,\"height\":219,\"caption\":\"AR Grupo Empresarial\"},\"image\":{\"@id\":\"https:\\\/\\\/grupoar.com.co\\\/#\\\/schema\\\/logo\\\/image\\\/\"}}]}<\/script>\r\n<!-- \/ Yoast SEO plugin. -->","yoast_head_json":{"title":"\u00bfQui\u00e9nes somos? - AR Grupo Empresarial","robots":{"index":"noindex","follow":"follow","max-snippet":"max-snippet:-1","max-image-preview":"max-image-preview:large","max-video-preview":"max-video-preview:-1"},"og_locale":"es_ES","og_type":"article","og_title":"\u00bfQui\u00e9nes somos? - AR Grupo Empresarial","og_url":"https:\/\/grupoar.com.co\/?page_id=1464","og_site_name":"AR Grupo Empresarial","article_modified_time":"2021-12-20T15:11:08+00:00","og_image":[{"width":1280,"height":720,"url":"https:\/\/grupoar.com.co\/wp-content\/uploads\/2021\/01\/1.jpg","type":"image\/jpeg"}],"twitter_card":"summary_large_image","twitter_misc":{"Tiempo de lectura":"1 minuto"},"schema":{"@context":"https:\/\/schema.org","@graph":[{"@type":"WebPage","@id":"https:\/\/grupoar.com.co\/?page_id=1464","url":"https:\/\/grupoar.com.co\/?page_id=1464","name":"\u00bfQui\u00e9nes somos? - AR Grupo Empresarial","isPartOf":{"@id":"https:\/\/grupoar.com.co\/#website"},"primaryImageOfPage":{"@id":"https:\/\/grupoar.com.co\/?page_id=1464#primaryimage"},"image":{"@id":"https:\/\/grupoar.com.co\/?page_id=1464#primaryimage"},"thumbnailUrl":"https:\/\/grupoar.com.co\/wp-content\/uploads\/2021\/01\/1.jpg","datePublished":"2021-12-03T00:30:49+00:00","dateModified":"2021-12-20T15:11:08+00:00","breadcrumb":{"@id":"https:\/\/grupoar.com.co\/?page_id=1464#breadcrumb"},"inLanguage":"es-CO","potentialAction":[{"@type":"ReadAction","target":["https:\/\/grupoar.com.co\/?page_id=1464"]}]},{"@type":"ImageObject","inLanguage":"es-CO","@id":"https:\/\/grupoar.com.co\/?page_id=1464#primaryimage","url":"https:\/\/grupoar.com.co\/wp-content\/uploads\/2021\/01\/1.jpg","contentUrl":"https:\/\/grupoar.com.co\/wp-content\/uploads\/2021\/01\/1.jpg","width":1280,"height":720,"caption":"quienes somos"},{"@type":"BreadcrumbList","@id":"https:\/\/grupoar.com.co\/?page_id=1464#breadcrumb","itemListElement":[{"@type":"ListItem","position":1,"name":"Inicio","item":"https:\/\/grupoar.com.co\/"},{"@type":"ListItem","position":2,"name":"\u00bfQui\u00e9nes somos?"}]},{"@type":"WebSite","@id":"https:\/\/grupoar.com.co\/#website","url":"https:\/\/grupoar.com.co\/","name":"AR Grupo Empresarial","description":"AR Grupo Empresarial","publisher":{"@id":"https:\/\/grupoar.com.co\/#organization"},"potentialAction":[{"@type":"SearchAction","target":{"@type":"EntryPoint","urlTemplate":"https:\/\/grupoar.com.co\/?s={search_term_string}"},"query-input":{"@type":"PropertyValueSpecification","valueRequired":true,"valueName":"search_term_string"}}],"inLanguage":"es-CO"},{"@type":"Organization","@id":"https:\/\/grupoar.com.co\/#organization","name":"AR Grupo Empresarial","url":"https:\/\/grupoar.com.co\/","logo":{"@type":"ImageObject","inLanguage":"es-CO","@id":"https:\/\/grupoar.com.co\/#\/schema\/logo\/image\/","url":"https:\/\/grupoar.com.co\/wp-content\/uploads\/2021\/12\/Logo-Grupo-AR.png","contentUrl":"https:\/\/grupoar.com.co\/wp-content\/uploads\/2021\/12\/Logo-Grupo-AR.png","width":500,"height":219,"caption":"AR Grupo Empresarial"},"image":{"@id":"https:\/\/grupoar.com.co\/#\/schema\/logo\/image\/"}}]}},"_links":{"self":[{"href":"https:\/\/grupoar.com.co\/index.php?rest_route=\/wp\/v2\/pages\/1464","targetHints":{"allow":["GET"]}}],"collection":[{"href":"https:\/\/grupoar.com.co\/index.php?rest_route=\/wp\/v2\/pages"}],"about":[{"href":"https:\/\/grupoar.com.co\/index.php?rest_route=\/wp\/v2\/types\/page"}],"author":[{"embeddable":true,"href":"https:\/\/grupoar.com.co\/index.php?rest_route=\/wp\/v2\/users\/27"}],"replies":[{"embeddable":true,"href":"https:\/\/grupoar.com.co\/index.php?rest_route=%2Fwp%2Fv2%2Fcomments&post=1464"}],"version-history":[{"count":6,"href":"https:\/\/grupoar.com.co\/index.php?rest_route=\/wp\/v2\/pages\/1464\/revisions"}],"predecessor-version":[{"id":1782,"href":"https:\/\/grupoar.com.co\/index.php?rest_route=\/wp\/v2\/pages\/1464\/revisions\/1782"}],"wp:featuredmedia":[{"embeddable":true,"href":"https:\/\/grupoar.com.co\/index.php?rest_route=\/wp\/v2\/media\/1280"}],"wp:attachment":[{"href":"https:\/\/grupoar.com.co\/index.php?rest_route=%2Fwp%2Fv2%2Fmedia&parent=1464"}],"curies":[{"name":"wp","href":"https:\/\/api.w.org\/{rel}","templated":true}]}}