{"id":1526,"date":"2021-12-10T11:52:01","date_gmt":"2021-12-10T16:52:01","guid":{"rendered":"http:\/\/grupoar.com.co\/?page_id=1526"},"modified":"2021-12-20T09:25:12","modified_gmt":"2021-12-20T14:25:12","slug":"ar-inmobiliaria","status":"publish","type":"page","link":"https:\/\/grupoar.com.co\/?page_id=1526","title":{"rendered":"AR Inmobiliaria"},"content":{"rendered":"\n<div class=\"wp-block-cover alignfull has-nv-light-bg-background-color has-background-dim\" style=\"min-height:600px;aspect-ratio:unset;\"><div class=\"wp-block-cover__inner-container is-layout-flow wp-block-cover-is-layout-flow\">\n<div style=\"height:80px\" aria-hidden=\"true\" class=\"wp-block-spacer\"><\/div>\n\n\n\n<div class=\"wp-block-group\"><div class=\"wp-block-group__inner-container is-layout-flow wp-block-group-is-layout-flow\">\n<div class=\"wp-block-columns is-layout-flex wp-container-core-columns-is-layout-9d6595d7 wp-block-columns-is-layout-flex\">\n<div class=\"wp-block-column is-layout-flow wp-block-column-is-layout-flow\" style=\"flex-basis:66.79%\">\n<figure class=\"wp-block-image size-full\"><img loading=\"lazy\" decoding=\"async\" width=\"1388\" height=\"916\" src=\"https:\/\/grupoar.com.co\/wp-content\/uploads\/2021\/12\/inmobiliaria.png\" alt=\"\" class=\"wp-image-1604\"\/><\/figure>\n<\/div>\n\n\n\n<div class=\"wp-block-column is-layout-flow wp-block-column-is-layout-flow\" style=\"flex-basis:34%\">\n<p class=\"has-neve-text-color-color has-text-color\">AR Inmobiliaria es la mejor opci\u00f3n para una gesti\u00f3n inmobiliaria integral. <\/p>\n\n\n\n<p class=\"has-neve-text-color-color has-text-color\">Prestamos servicios de arriendo, venta, administraci\u00f3n, corretaje y aval\u00fao de inmuebles, enfoc\u00e1ndonos en la seguridad y tranquilidad de nuestros clientes. Representamos la proyecci\u00f3n y visi\u00f3n en el sector. Constantemente buscamos redefinir el mercado para prestar un servicio con los m\u00e1s altos est\u00e1ndares de excelencia. <\/p>\n\n\n\n<p class=\"has-neve-text-color-color has-text-color\">Somos parte integral del Grupo AR, grupo empresarial que incluye a AR Construcciones, constructora l\u00edder en el sector que ha sido pionera en el desarrollo de proyectos inmobiliarios desde hace m\u00e1s de 40 a\u00f1os; AR Hoteles, cuyos hoteles y centros de convenciones marcan la diferencia en el mercado; AR Administraci\u00f3n, empresa administradora de copropiedades con los m\u00e1s altos est\u00e1ndares de calidad y excelencia; y AR Fundaci\u00f3n, donde se brinda bienestar y educaci\u00f3n a la comunidad para hacer de Colombia un pa\u00eds mejor. <\/p>\n\n\n\n<p><\/p>\n<\/div>\n<\/div>\n\n\n\n<div class=\"wp-block-columns is-layout-flex wp-container-core-columns-is-layout-9d6595d7 wp-block-columns-is-layout-flex\">\n<div class=\"wp-block-column is-layout-flow wp-block-column-is-layout-flow\" style=\"flex-basis:25%\"><\/div>\n\n\n\n<div class=\"wp-block-column is-layout-flow wp-block-column-is-layout-flow\" style=\"flex-basis:50%\">\n<h3 class=\"has-text-align-center wp-block-heading\"><span class=\"has-inline-color has-neve-link-color-color\">SERVICIOS<\/span> <\/h3>\n<\/div>\n\n\n\n<div class=\"wp-block-column is-layout-flow wp-block-column-is-layout-flow\" style=\"flex-basis:25%\"><\/div>\n<\/div>\n\n\n\n<div class=\"wp-block-columns is-layout-flex wp-container-core-columns-is-layout-9d6595d7 wp-block-columns-is-layout-flex\">\n<div class=\"wp-block-column is-layout-flow wp-block-column-is-layout-flow\">\n<h4 class=\"has-text-align-center wp-block-heading\"><span class=\"has-inline-color has-neve-link-color-color\">Administraci\u00f3n <\/span><\/h4>\n\n\n\n<p class=\"has-text-align-center has-neve-text-color-color has-text-color\">Ofrecemos un servicio completo de gesti\u00f3n inmobiliaria. Nos hacemos cargo de todos los aspectos legales, t\u00e9cnicos y comerciales para brindarle seguridad y tranquilidad a nuestros clientes. Este servicio incluye la promoci\u00f3n del inmueble en medios inmobiliarios, b\u00fasqueda y seguimiento de clientes potenciales, redacci\u00f3n de contratos, pago garantizado del arrendamiento y cumplimiento con solicitudes de reparaci\u00f3n. <\/p>\n<\/div>\n\n\n\n<div class=\"wp-block-column is-layout-flow wp-block-column-is-layout-flow\">\n<h4 class=\"has-text-align-center wp-block-heading\"><span class=\"has-inline-color has-neve-link-color-color\">Comercializaci\u00f3n <\/span><\/h4>\n\n\n\n<p class=\"has-text-align-center has-neve-text-color-color has-text-color\">Encontramos el cliente ideal para su inmueble. Creamos todas las condiciones necesarias y \u00f3ptimas para concretar oportunidades de negocio. <\/p>\n<\/div>\n\n\n\n<div class=\"wp-block-column is-layout-flow wp-block-column-is-layout-flow\">\n<h4 class=\"has-text-align-center wp-block-heading\"><span class=\"has-inline-color has-neve-link-color-color\">Venta<\/span><\/h4>\n\n\n\n<p class=\"has-text-align-center has-neve-text-color-color has-text-color\">Brindamos asesor\u00eda jur\u00eddica y financiera adaptada a cada tipo de negocio. De esa manera garantizamos a cada propietario la comercializaci\u00f3n de su inmueble y la venta de su propiedad de forma profesional, y en el menor tiempo posible. <\/p>\n<\/div>\n<\/div>\n<\/div><\/div>\n\n\n\n<div class=\"wp-block-columns is-layout-flex wp-container-core-columns-is-layout-9d6595d7 wp-block-columns-is-layout-flex\">\n<div class=\"wp-block-column is-layout-flow wp-block-column-is-layout-flow\">\n<h4 class=\"has-text-align-center wp-block-heading\"><span class=\"has-inline-color has-neve-link-color-color\">Arriendos <\/span><\/h4>\n\n\n\n<p class=\"has-text-align-center has-neve-text-color-color has-text-color\">Contamos con un equipo de profesionales dedicados a la comercializaci\u00f3n de su inmueble por medio de estrategias de mercadeo dise\u00f1adas a la medida. Llevamos a cabo un proceso de intermediaci\u00f3n con los arrendatarios, proporcion\u00e1ndole total seguridad sobre el correcto manejo de su inmueble y el pago del arrendamiento. <\/p>\n<\/div>\n\n\n\n<div class=\"wp-block-column is-layout-flow wp-block-column-is-layout-flow\">\n<h4 class=\"has-text-align-center wp-block-heading\"><span class=\"has-inline-color has-neve-link-color-color\">Corretaje <\/span><\/h4>\n\n\n\n<p class=\"has-text-align-center has-neve-text-color-color has-text-color\">Realizamos un proceso de intermediaci\u00f3n especializado para su inmueble. Gracias a nuestra amplia experiencia y conocimiento del mercado, contamos con los recursos para que nuestros clientes puedan celebrar sus negocios inmobiliarios exitosamente y encontrar el cliente o inmueble que necesiten. <\/p>\n<\/div>\n\n\n\n<div class=\"wp-block-column is-layout-flow wp-block-column-is-layout-flow\">\n<h4 class=\"has-text-align-center wp-block-heading\"><span class=\"has-inline-color has-neve-link-color-color\">Aval\u00fao <\/span><\/h4>\n\n\n\n<p class=\"has-text-align-center has-neve-text-color-color has-text-color\">Por medio de un exhaustivo an\u00e1lisis t\u00e9cnico y de mercado, nuestros expertos generan un dictamen que permite a nuestros clientes conocer el valor de su inmueble y desarrollar una subsecuente estrategia que se ajuste a sus objetivos comerciales.<\/p>\n<\/div>\n<\/div>\n\n\n\n<div style=\"height:50px\" aria-hidden=\"true\" class=\"wp-block-spacer\"><\/div>\n\n\n\n<div class=\"wp-block-buttons is-content-justification-center is-layout-flex wp-block-buttons-is-layout-flex\">\n<div class=\"wp-block-button is-style-primary\"><a class=\"wp-block-button__link\" href=\"https:\/\/www.arinmobiliaria.com.co\/\" target=\"_blank\" rel=\"noreferrer noopener\">IR A LA WEB<\/a><\/div>\n<\/div>\n\n\n\n<div style=\"height:100px\" aria-hidden=\"true\" class=\"wp-block-spacer\"><\/div>\n<\/div><\/div>\n","protected":false},"excerpt":{"rendered":"","protected":false},"author":27,"featured_media":1604,"parent":0,"menu_order":0,"comment_status":"closed","ping_status":"closed","template":"","meta":{"neve_meta_sidebar":"","neve_meta_container":"","neve_meta_enable_content_width":"on","neve_meta_content_width":100,"neve_meta_title_alignment":"","neve_meta_author_avatar":"","neve_post_elements_order":"","neve_meta_disable_header":"","neve_meta_disable_footer":"","neve_meta_disable_title":"","footnotes":""},"class_list":["post-1526","page","type-page","status-publish","has-post-thumbnail","hentry"],"yoast_head":"<!-- This site is optimized with the Yoast SEO plugin v27.5 - https:\/\/yoast.com\/product\/yoast-seo-wordpress\/ -->\r\n<title>AR Inmobiliaria - AR Grupo Empresarial<\/title>\r\n<meta name=\"robots\" content=\"noindex, follow, max-snippet:-1, max-image-preview:large, max-video-preview:-1\" \/>\r\n<meta property=\"og:locale\" content=\"es_ES\" \/>\r\n<meta property=\"og:type\" content=\"article\" \/>\r\n<meta property=\"og:title\" content=\"AR Inmobiliaria - AR Grupo Empresarial\" \/>\r\n<meta property=\"og:url\" content=\"https:\/\/grupoar.com.co\/?page_id=1526\" \/>\r\n<meta property=\"og:site_name\" content=\"AR Grupo Empresarial\" \/>\r\n<meta property=\"article:modified_time\" content=\"2021-12-20T14:25:12+00:00\" \/>\r\n<meta property=\"og:image\" content=\"https:\/\/grupoar.com.co\/wp-content\/uploads\/2021\/12\/inmobiliaria.png\" \/>\r\n\t<meta property=\"og:image:width\" content=\"1388\" \/>\r\n\t<meta property=\"og:image:height\" content=\"916\" \/>\r\n\t<meta property=\"og:image:type\" content=\"image\/png\" \/>\r\n<meta name=\"twitter:card\" content=\"summary_large_image\" \/>\r\n<meta name=\"twitter:label1\" content=\"Tiempo de lectura\" \/>\n\t<meta name=\"twitter:data1\" content=\"2 minutos\" \/>\r\n<script type=\"application\/ld+json\" class=\"yoast-schema-graph\">{\"@context\":\"https:\\\/\\\/schema.org\",\"@graph\":[{\"@type\":\"WebPage\",\"@id\":\"https:\\\/\\\/grupoar.com.co\\\/?page_id=1526\",\"url\":\"https:\\\/\\\/grupoar.com.co\\\/?page_id=1526\",\"name\":\"AR Inmobiliaria - AR Grupo Empresarial\",\"isPartOf\":{\"@id\":\"https:\\\/\\\/grupoar.com.co\\\/#website\"},\"primaryImageOfPage\":{\"@id\":\"https:\\\/\\\/grupoar.com.co\\\/?page_id=1526#primaryimage\"},\"image\":{\"@id\":\"https:\\\/\\\/grupoar.com.co\\\/?page_id=1526#primaryimage\"},\"thumbnailUrl\":\"https:\\\/\\\/grupoar.com.co\\\/wp-content\\\/uploads\\\/2021\\\/12\\\/inmobiliaria.png\",\"datePublished\":\"2021-12-10T16:52:01+00:00\",\"dateModified\":\"2021-12-20T14:25:12+00:00\",\"breadcrumb\":{\"@id\":\"https:\\\/\\\/grupoar.com.co\\\/?page_id=1526#breadcrumb\"},\"inLanguage\":\"es-CO\",\"potentialAction\":[{\"@type\":\"ReadAction\",\"target\":[\"https:\\\/\\\/grupoar.com.co\\\/?page_id=1526\"]}]},{\"@type\":\"ImageObject\",\"inLanguage\":\"es-CO\",\"@id\":\"https:\\\/\\\/grupoar.com.co\\\/?page_id=1526#primaryimage\",\"url\":\"https:\\\/\\\/grupoar.com.co\\\/wp-content\\\/uploads\\\/2021\\\/12\\\/inmobiliaria.png\",\"contentUrl\":\"https:\\\/\\\/grupoar.com.co\\\/wp-content\\\/uploads\\\/2021\\\/12\\\/inmobiliaria.png\",\"width\":1388,\"height\":916,\"caption\":\"Inmobiliaria ar\"},{\"@type\":\"BreadcrumbList\",\"@id\":\"https:\\\/\\\/grupoar.com.co\\\/?page_id=1526#breadcrumb\",\"itemListElement\":[{\"@type\":\"ListItem\",\"position\":1,\"name\":\"Inicio\",\"item\":\"https:\\\/\\\/grupoar.com.co\\\/\"},{\"@type\":\"ListItem\",\"position\":2,\"name\":\"AR Inmobiliaria\"}]},{\"@type\":\"WebSite\",\"@id\":\"https:\\\/\\\/grupoar.com.co\\\/#website\",\"url\":\"https:\\\/\\\/grupoar.com.co\\\/\",\"name\":\"AR Grupo Empresarial\",\"description\":\"AR Grupo Empresarial\",\"publisher\":{\"@id\":\"https:\\\/\\\/grupoar.com.co\\\/#organization\"},\"potentialAction\":[{\"@type\":\"SearchAction\",\"target\":{\"@type\":\"EntryPoint\",\"urlTemplate\":\"https:\\\/\\\/grupoar.com.co\\\/?s={search_term_string}\"},\"query-input\":{\"@type\":\"PropertyValueSpecification\",\"valueRequired\":true,\"valueName\":\"search_term_string\"}}],\"inLanguage\":\"es-CO\"},{\"@type\":\"Organization\",\"@id\":\"https:\\\/\\\/grupoar.com.co\\\/#organization\",\"name\":\"AR Grupo Empresarial\",\"url\":\"https:\\\/\\\/grupoar.com.co\\\/\",\"logo\":{\"@type\":\"ImageObject\",\"inLanguage\":\"es-CO\",\"@id\":\"https:\\\/\\\/grupoar.com.co\\\/#\\\/schema\\\/logo\\\/image\\\/\",\"url\":\"https:\\\/\\\/grupoar.com.co\\\/wp-content\\\/uploads\\\/2021\\\/12\\\/Logo-Grupo-AR.png\",\"contentUrl\":\"https:\\\/\\\/grupoar.com.co\\\/wp-content\\\/uploads\\\/2021\\\/12\\\/Logo-Grupo-AR.png\",\"width\":500,\"height\":219,\"caption\":\"AR Grupo Empresarial\"},\"image\":{\"@id\":\"https:\\\/\\\/grupoar.com.co\\\/#\\\/schema\\\/logo\\\/image\\\/\"}}]}<\/script>\r\n<!-- \/ Yoast SEO plugin. -->","yoast_head_json":{"title":"AR Inmobiliaria - AR Grupo Empresarial","robots":{"index":"noindex","follow":"follow","max-snippet":"max-snippet:-1","max-image-preview":"max-image-preview:large","max-video-preview":"max-video-preview:-1"},"og_locale":"es_ES","og_type":"article","og_title":"AR Inmobiliaria - AR Grupo Empresarial","og_url":"https:\/\/grupoar.com.co\/?page_id=1526","og_site_name":"AR Grupo Empresarial","article_modified_time":"2021-12-20T14:25:12+00:00","og_image":[{"width":1388,"height":916,"url":"https:\/\/grupoar.com.co\/wp-content\/uploads\/2021\/12\/inmobiliaria.png","type":"image\/png"}],"twitter_card":"summary_large_image","twitter_misc":{"Tiempo de lectura":"2 minutos"},"schema":{"@context":"https:\/\/schema.org","@graph":[{"@type":"WebPage","@id":"https:\/\/grupoar.com.co\/?page_id=1526","url":"https:\/\/grupoar.com.co\/?page_id=1526","name":"AR Inmobiliaria - AR Grupo Empresarial","isPartOf":{"@id":"https:\/\/grupoar.com.co\/#website"},"primaryImageOfPage":{"@id":"https:\/\/grupoar.com.co\/?page_id=1526#primaryimage"},"image":{"@id":"https:\/\/grupoar.com.co\/?page_id=1526#primaryimage"},"thumbnailUrl":"https:\/\/grupoar.com.co\/wp-content\/uploads\/2021\/12\/inmobiliaria.png","datePublished":"2021-12-10T16:52:01+00:00","dateModified":"2021-12-20T14:25:12+00:00","breadcrumb":{"@id":"https:\/\/grupoar.com.co\/?page_id=1526#breadcrumb"},"inLanguage":"es-CO","potentialAction":[{"@type":"ReadAction","target":["https:\/\/grupoar.com.co\/?page_id=1526"]}]},{"@type":"ImageObject","inLanguage":"es-CO","@id":"https:\/\/grupoar.com.co\/?page_id=1526#primaryimage","url":"https:\/\/grupoar.com.co\/wp-content\/uploads\/2021\/12\/inmobiliaria.png","contentUrl":"https:\/\/grupoar.com.co\/wp-content\/uploads\/2021\/12\/inmobiliaria.png","width":1388,"height":916,"caption":"Inmobiliaria ar"},{"@type":"BreadcrumbList","@id":"https:\/\/grupoar.com.co\/?page_id=1526#breadcrumb","itemListElement":[{"@type":"ListItem","position":1,"name":"Inicio","item":"https:\/\/grupoar.com.co\/"},{"@type":"ListItem","position":2,"name":"AR Inmobiliaria"}]},{"@type":"WebSite","@id":"https:\/\/grupoar.com.co\/#website","url":"https:\/\/grupoar.com.co\/","name":"AR Grupo Empresarial","description":"AR Grupo Empresarial","publisher":{"@id":"https:\/\/grupoar.com.co\/#organization"},"potentialAction":[{"@type":"SearchAction","target":{"@type":"EntryPoint","urlTemplate":"https:\/\/grupoar.com.co\/?s={search_term_string}"},"query-input":{"@type":"PropertyValueSpecification","valueRequired":true,"valueName":"search_term_string"}}],"inLanguage":"es-CO"},{"@type":"Organization","@id":"https:\/\/grupoar.com.co\/#organization","name":"AR Grupo Empresarial","url":"https:\/\/grupoar.com.co\/","logo":{"@type":"ImageObject","inLanguage":"es-CO","@id":"https:\/\/grupoar.com.co\/#\/schema\/logo\/image\/","url":"https:\/\/grupoar.com.co\/wp-content\/uploads\/2021\/12\/Logo-Grupo-AR.png","contentUrl":"https:\/\/grupoar.com.co\/wp-content\/uploads\/2021\/12\/Logo-Grupo-AR.png","width":500,"height":219,"caption":"AR Grupo Empresarial"},"image":{"@id":"https:\/\/grupoar.com.co\/#\/schema\/logo\/image\/"}}]}},"_links":{"self":[{"href":"https:\/\/grupoar.com.co\/index.php?rest_route=\/wp\/v2\/pages\/1526","targetHints":{"allow":["GET"]}}],"collection":[{"href":"https:\/\/grupoar.com.co\/index.php?rest_route=\/wp\/v2\/pages"}],"about":[{"href":"https:\/\/grupoar.com.co\/index.php?rest_route=\/wp\/v2\/types\/page"}],"author":[{"embeddable":true,"href":"https:\/\/grupoar.com.co\/index.php?rest_route=\/wp\/v2\/users\/27"}],"replies":[{"embeddable":true,"href":"https:\/\/grupoar.com.co\/index.php?rest_route=%2Fwp%2Fv2%2Fcomments&post=1526"}],"version-history":[{"count":7,"href":"https:\/\/grupoar.com.co\/index.php?rest_route=\/wp\/v2\/pages\/1526\/revisions"}],"predecessor-version":[{"id":1606,"href":"https:\/\/grupoar.com.co\/index.php?rest_route=\/wp\/v2\/pages\/1526\/revisions\/1606"}],"wp:featuredmedia":[{"embeddable":true,"href":"https:\/\/grupoar.com.co\/index.php?rest_route=\/wp\/v2\/media\/1604"}],"wp:attachment":[{"href":"https:\/\/grupoar.com.co\/index.php?rest_route=%2Fwp%2Fv2%2Fmedia&parent=1526"}],"curies":[{"name":"wp","href":"https:\/\/api.w.org\/{rel}","templated":true}]}}