{"id":1528,"date":"2021-12-10T11:52:27","date_gmt":"2021-12-10T16:52:27","guid":{"rendered":"http:\/\/grupoar.com.co\/?page_id=1528"},"modified":"2021-12-20T09:31:33","modified_gmt":"2021-12-20T14:31:33","slug":"ar-fundacion","status":"publish","type":"page","link":"https:\/\/grupoar.com.co\/?page_id=1528","title":{"rendered":"AR Fundaci\u00f3n"},"content":{"rendered":"\n<div class=\"wp-block-cover alignfull has-nv-light-bg-background-color has-background-dim\" style=\"min-height:600px;aspect-ratio:unset;\"><div class=\"wp-block-cover__inner-container is-layout-flow wp-block-cover-is-layout-flow\">\n<div style=\"height:80px\" aria-hidden=\"true\" class=\"wp-block-spacer\"><\/div>\n\n\n\n<div class=\"wp-block-group\"><div class=\"wp-block-group__inner-container is-layout-flow wp-block-group-is-layout-flow\">\n<div class=\"wp-block-columns is-layout-flex wp-container-core-columns-is-layout-9d6595d7 wp-block-columns-is-layout-flex\">\n<div class=\"wp-block-column is-layout-flow wp-block-column-is-layout-flow\" style=\"flex-basis:66.79%\">\n<figure class=\"wp-block-image size-full\"><img loading=\"lazy\" decoding=\"async\" width=\"1062\" height=\"594\" src=\"https:\/\/grupoar.com.co\/wp-content\/uploads\/2021\/12\/fundacion.png\" alt=\"\" class=\"wp-image-1607\"\/><\/figure>\n<\/div>\n\n\n\n<div class=\"wp-block-column is-layout-flow wp-block-column-is-layout-flow\" style=\"flex-basis:34%\">\n<p class=\"has-neve-text-color-color has-text-color\">Organizaci\u00f3n sin \u00e1nimo de lucro creada por el Grupo AR. Pretende atender las necesidades de las comunidades donde hace presencia AR Construcciones. <\/p>\n\n\n\n<p class=\"has-neve-text-color-color has-text-color\">Realizamos programas orientados al desarrollo de la poblaci\u00f3n, como: El Colegio AR, Bibliotecas para educarte, Estudiar para construir y Construyendo Comunidad. <\/p>\n\n\n\n<p class=\"has-neve-text-color-color has-text-color\">Desde el 2008, se ha dedicado a apoyar iniciativas para mejorar la calidad de vida de la poblaci\u00f3n vulnerable de diferentes sectores de Bogot\u00e1. Representamos el compromiso social del Grupo Empresarial AR por apoyar y contribuir al desarrollo econ\u00f3mico y social y de Colombia. <\/p>\n\n\n\n<p class=\"has-neve-text-color-color has-text-color\">En 2010, se consolidan los programas \u201cBibliotecas Para Educarte\u201d y \u201cEstudiar Para Construir\u201d con un principal objetivo: apoyar a las personas que no tienen acceso a una biblioteca y que no han cursado primaria y bachillerato. <\/p>\n\n\n\n<p class=\"has-neve-text-color-color has-text-color\">En 2014, nace el programa \u201cConstruyendo Comunidad\u201dcon el prop\u00f3sito de acompa\u00f1ar y apoyar los procesos de propiedad horizontal y, simult\u00e1neamente, se da inicio a la creaci\u00f3n del proyecto del colegio AR con el apoyo de la Secretar\u00eda de Educaci\u00f3n.<\/p>\n\n\n\n<p><\/p>\n<\/div>\n<\/div>\n\n\n\n<div class=\"wp-block-buttons is-content-justification-center is-layout-flex wp-block-buttons-is-layout-flex\">\n<div class=\"wp-block-button is-style-primary\"><a class=\"wp-block-button__link\" href=\"http:\/\/arfundacion.org\/\" target=\"_blank\" rel=\"noreferrer noopener\">IR A LA WEB<\/a><\/div>\n<\/div>\n\n\n\n<div style=\"height:80px\" aria-hidden=\"true\" class=\"wp-block-spacer\"><\/div>\n<\/div><\/div>\n<\/div><\/div>\n","protected":false},"excerpt":{"rendered":"","protected":false},"author":27,"featured_media":1607,"parent":0,"menu_order":0,"comment_status":"closed","ping_status":"closed","template":"","meta":{"neve_meta_sidebar":"","neve_meta_container":"","neve_meta_enable_content_width":"on","neve_meta_content_width":100,"neve_meta_title_alignment":"","neve_meta_author_avatar":"","neve_post_elements_order":"","neve_meta_disable_header":"","neve_meta_disable_footer":"","neve_meta_disable_title":"","footnotes":""},"class_list":["post-1528","page","type-page","status-publish","has-post-thumbnail","hentry"],"yoast_head":"<!-- This site is optimized with the Yoast SEO plugin v27.5 - https:\/\/yoast.com\/product\/yoast-seo-wordpress\/ -->\r\n<title>AR Fundaci\u00f3n - AR Grupo Empresarial<\/title>\r\n<meta name=\"robots\" content=\"noindex, follow, max-snippet:-1, max-image-preview:large, max-video-preview:-1\" \/>\r\n<meta property=\"og:locale\" content=\"es_ES\" \/>\r\n<meta property=\"og:type\" content=\"article\" \/>\r\n<meta property=\"og:title\" content=\"AR Fundaci\u00f3n - AR Grupo Empresarial\" \/>\r\n<meta property=\"og:url\" content=\"https:\/\/grupoar.com.co\/?page_id=1528\" \/>\r\n<meta property=\"og:site_name\" content=\"AR Grupo Empresarial\" \/>\r\n<meta property=\"article:modified_time\" content=\"2021-12-20T14:31:33+00:00\" \/>\r\n<meta property=\"og:image\" content=\"https:\/\/grupoar.com.co\/wp-content\/uploads\/2021\/12\/fundacion.png\" \/>\r\n\t<meta property=\"og:image:width\" content=\"1062\" \/>\r\n\t<meta property=\"og:image:height\" content=\"594\" \/>\r\n\t<meta property=\"og:image:type\" content=\"image\/png\" \/>\r\n<meta name=\"twitter:card\" content=\"summary_large_image\" \/>\r\n<meta name=\"twitter:label1\" content=\"Tiempo de lectura\" \/>\n\t<meta name=\"twitter:data1\" content=\"1 minuto\" \/>\r\n<script type=\"application\/ld+json\" class=\"yoast-schema-graph\">{\"@context\":\"https:\\\/\\\/schema.org\",\"@graph\":[{\"@type\":\"WebPage\",\"@id\":\"https:\\\/\\\/grupoar.com.co\\\/?page_id=1528\",\"url\":\"https:\\\/\\\/grupoar.com.co\\\/?page_id=1528\",\"name\":\"AR Fundaci\u00f3n - AR Grupo Empresarial\",\"isPartOf\":{\"@id\":\"https:\\\/\\\/grupoar.com.co\\\/#website\"},\"primaryImageOfPage\":{\"@id\":\"https:\\\/\\\/grupoar.com.co\\\/?page_id=1528#primaryimage\"},\"image\":{\"@id\":\"https:\\\/\\\/grupoar.com.co\\\/?page_id=1528#primaryimage\"},\"thumbnailUrl\":\"https:\\\/\\\/grupoar.com.co\\\/wp-content\\\/uploads\\\/2021\\\/12\\\/fundacion.png\",\"datePublished\":\"2021-12-10T16:52:27+00:00\",\"dateModified\":\"2021-12-20T14:31:33+00:00\",\"breadcrumb\":{\"@id\":\"https:\\\/\\\/grupoar.com.co\\\/?page_id=1528#breadcrumb\"},\"inLanguage\":\"es-CO\",\"potentialAction\":[{\"@type\":\"ReadAction\",\"target\":[\"https:\\\/\\\/grupoar.com.co\\\/?page_id=1528\"]}]},{\"@type\":\"ImageObject\",\"inLanguage\":\"es-CO\",\"@id\":\"https:\\\/\\\/grupoar.com.co\\\/?page_id=1528#primaryimage\",\"url\":\"https:\\\/\\\/grupoar.com.co\\\/wp-content\\\/uploads\\\/2021\\\/12\\\/fundacion.png\",\"contentUrl\":\"https:\\\/\\\/grupoar.com.co\\\/wp-content\\\/uploads\\\/2021\\\/12\\\/fundacion.png\",\"width\":1062,\"height\":594,\"caption\":\"Fundacion\"},{\"@type\":\"BreadcrumbList\",\"@id\":\"https:\\\/\\\/grupoar.com.co\\\/?page_id=1528#breadcrumb\",\"itemListElement\":[{\"@type\":\"ListItem\",\"position\":1,\"name\":\"Inicio\",\"item\":\"https:\\\/\\\/grupoar.com.co\\\/\"},{\"@type\":\"ListItem\",\"position\":2,\"name\":\"AR Fundaci\u00f3n\"}]},{\"@type\":\"WebSite\",\"@id\":\"https:\\\/\\\/grupoar.com.co\\\/#website\",\"url\":\"https:\\\/\\\/grupoar.com.co\\\/\",\"name\":\"AR Grupo Empresarial\",\"description\":\"AR Grupo Empresarial\",\"publisher\":{\"@id\":\"https:\\\/\\\/grupoar.com.co\\\/#organization\"},\"potentialAction\":[{\"@type\":\"SearchAction\",\"target\":{\"@type\":\"EntryPoint\",\"urlTemplate\":\"https:\\\/\\\/grupoar.com.co\\\/?s={search_term_string}\"},\"query-input\":{\"@type\":\"PropertyValueSpecification\",\"valueRequired\":true,\"valueName\":\"search_term_string\"}}],\"inLanguage\":\"es-CO\"},{\"@type\":\"Organization\",\"@id\":\"https:\\\/\\\/grupoar.com.co\\\/#organization\",\"name\":\"AR Grupo Empresarial\",\"url\":\"https:\\\/\\\/grupoar.com.co\\\/\",\"logo\":{\"@type\":\"ImageObject\",\"inLanguage\":\"es-CO\",\"@id\":\"https:\\\/\\\/grupoar.com.co\\\/#\\\/schema\\\/logo\\\/image\\\/\",\"url\":\"https:\\\/\\\/grupoar.com.co\\\/wp-content\\\/uploads\\\/2021\\\/12\\\/Logo-Grupo-AR.png\",\"contentUrl\":\"https:\\\/\\\/grupoar.com.co\\\/wp-content\\\/uploads\\\/2021\\\/12\\\/Logo-Grupo-AR.png\",\"width\":500,\"height\":219,\"caption\":\"AR Grupo Empresarial\"},\"image\":{\"@id\":\"https:\\\/\\\/grupoar.com.co\\\/#\\\/schema\\\/logo\\\/image\\\/\"}}]}<\/script>\r\n<!-- \/ Yoast SEO plugin. -->","yoast_head_json":{"title":"AR Fundaci\u00f3n - AR Grupo Empresarial","robots":{"index":"noindex","follow":"follow","max-snippet":"max-snippet:-1","max-image-preview":"max-image-preview:large","max-video-preview":"max-video-preview:-1"},"og_locale":"es_ES","og_type":"article","og_title":"AR Fundaci\u00f3n - AR Grupo Empresarial","og_url":"https:\/\/grupoar.com.co\/?page_id=1528","og_site_name":"AR Grupo Empresarial","article_modified_time":"2021-12-20T14:31:33+00:00","og_image":[{"width":1062,"height":594,"url":"https:\/\/grupoar.com.co\/wp-content\/uploads\/2021\/12\/fundacion.png","type":"image\/png"}],"twitter_card":"summary_large_image","twitter_misc":{"Tiempo de lectura":"1 minuto"},"schema":{"@context":"https:\/\/schema.org","@graph":[{"@type":"WebPage","@id":"https:\/\/grupoar.com.co\/?page_id=1528","url":"https:\/\/grupoar.com.co\/?page_id=1528","name":"AR Fundaci\u00f3n - AR Grupo Empresarial","isPartOf":{"@id":"https:\/\/grupoar.com.co\/#website"},"primaryImageOfPage":{"@id":"https:\/\/grupoar.com.co\/?page_id=1528#primaryimage"},"image":{"@id":"https:\/\/grupoar.com.co\/?page_id=1528#primaryimage"},"thumbnailUrl":"https:\/\/grupoar.com.co\/wp-content\/uploads\/2021\/12\/fundacion.png","datePublished":"2021-12-10T16:52:27+00:00","dateModified":"2021-12-20T14:31:33+00:00","breadcrumb":{"@id":"https:\/\/grupoar.com.co\/?page_id=1528#breadcrumb"},"inLanguage":"es-CO","potentialAction":[{"@type":"ReadAction","target":["https:\/\/grupoar.com.co\/?page_id=1528"]}]},{"@type":"ImageObject","inLanguage":"es-CO","@id":"https:\/\/grupoar.com.co\/?page_id=1528#primaryimage","url":"https:\/\/grupoar.com.co\/wp-content\/uploads\/2021\/12\/fundacion.png","contentUrl":"https:\/\/grupoar.com.co\/wp-content\/uploads\/2021\/12\/fundacion.png","width":1062,"height":594,"caption":"Fundacion"},{"@type":"BreadcrumbList","@id":"https:\/\/grupoar.com.co\/?page_id=1528#breadcrumb","itemListElement":[{"@type":"ListItem","position":1,"name":"Inicio","item":"https:\/\/grupoar.com.co\/"},{"@type":"ListItem","position":2,"name":"AR Fundaci\u00f3n"}]},{"@type":"WebSite","@id":"https:\/\/grupoar.com.co\/#website","url":"https:\/\/grupoar.com.co\/","name":"AR Grupo Empresarial","description":"AR Grupo Empresarial","publisher":{"@id":"https:\/\/grupoar.com.co\/#organization"},"potentialAction":[{"@type":"SearchAction","target":{"@type":"EntryPoint","urlTemplate":"https:\/\/grupoar.com.co\/?s={search_term_string}"},"query-input":{"@type":"PropertyValueSpecification","valueRequired":true,"valueName":"search_term_string"}}],"inLanguage":"es-CO"},{"@type":"Organization","@id":"https:\/\/grupoar.com.co\/#organization","name":"AR Grupo Empresarial","url":"https:\/\/grupoar.com.co\/","logo":{"@type":"ImageObject","inLanguage":"es-CO","@id":"https:\/\/grupoar.com.co\/#\/schema\/logo\/image\/","url":"https:\/\/grupoar.com.co\/wp-content\/uploads\/2021\/12\/Logo-Grupo-AR.png","contentUrl":"https:\/\/grupoar.com.co\/wp-content\/uploads\/2021\/12\/Logo-Grupo-AR.png","width":500,"height":219,"caption":"AR Grupo Empresarial"},"image":{"@id":"https:\/\/grupoar.com.co\/#\/schema\/logo\/image\/"}}]}},"_links":{"self":[{"href":"https:\/\/grupoar.com.co\/index.php?rest_route=\/wp\/v2\/pages\/1528","targetHints":{"allow":["GET"]}}],"collection":[{"href":"https:\/\/grupoar.com.co\/index.php?rest_route=\/wp\/v2\/pages"}],"about":[{"href":"https:\/\/grupoar.com.co\/index.php?rest_route=\/wp\/v2\/types\/page"}],"author":[{"embeddable":true,"href":"https:\/\/grupoar.com.co\/index.php?rest_route=\/wp\/v2\/users\/27"}],"replies":[{"embeddable":true,"href":"https:\/\/grupoar.com.co\/index.php?rest_route=%2Fwp%2Fv2%2Fcomments&post=1528"}],"version-history":[{"count":4,"href":"https:\/\/grupoar.com.co\/index.php?rest_route=\/wp\/v2\/pages\/1528\/revisions"}],"predecessor-version":[{"id":1608,"href":"https:\/\/grupoar.com.co\/index.php?rest_route=\/wp\/v2\/pages\/1528\/revisions\/1608"}],"wp:featuredmedia":[{"embeddable":true,"href":"https:\/\/grupoar.com.co\/index.php?rest_route=\/wp\/v2\/media\/1607"}],"wp:attachment":[{"href":"https:\/\/grupoar.com.co\/index.php?rest_route=%2Fwp%2Fv2%2Fmedia&parent=1528"}],"curies":[{"name":"wp","href":"https:\/\/api.w.org\/{rel}","templated":true}]}}