{"id":1530,"date":"2021-12-10T11:52:46","date_gmt":"2021-12-10T16:52:46","guid":{"rendered":"http:\/\/grupoar.com.co\/?page_id=1530"},"modified":"2021-12-20T09:38:45","modified_gmt":"2021-12-20T14:38:45","slug":"ar-administracion-integral","status":"publish","type":"page","link":"https:\/\/grupoar.com.co\/?page_id=1530","title":{"rendered":"AR Administraci\u00f3n integral"},"content":{"rendered":"\n<div class=\"wp-block-cover alignfull has-nv-light-bg-background-color has-background-dim\" style=\"min-height:600px;aspect-ratio:unset;\"><div class=\"wp-block-cover__inner-container is-layout-flow wp-block-cover-is-layout-flow\">\n<div style=\"height:80px\" aria-hidden=\"true\" class=\"wp-block-spacer\"><\/div>\n\n\n\n<div class=\"wp-block-group\"><div class=\"wp-block-group__inner-container is-layout-flow wp-block-group-is-layout-flow\">\n<div class=\"wp-block-columns is-layout-flex wp-container-core-columns-is-layout-9d6595d7 wp-block-columns-is-layout-flex\">\n<div class=\"wp-block-column is-layout-flow wp-block-column-is-layout-flow\" style=\"flex-basis:66.79%\">\n<figure class=\"wp-block-image size-full\"><img loading=\"lazy\" decoding=\"async\" width=\"1366\" height=\"586\" src=\"https:\/\/grupoar.com.co\/wp-content\/uploads\/2021\/12\/arai.jpeg\" alt=\"Administraci\u00f3n integral\" class=\"wp-image-1609\"\/><\/figure>\n<\/div>\n\n\n\n<div class=\"wp-block-column is-layout-flow wp-block-column-is-layout-flow\" style=\"flex-basis:34%\">\n<p class=\"has-neve-text-color-color has-text-color\">Debido al permanente crecimiento de la econom\u00eda y a la construcci\u00f3n de proyectos inmobiliarios de oficinas y locales comerciales en diferentes sectores de la ciudad y del pa\u00eds, AR Administraci\u00f3n Integral nace de la necesidad del mercado, de contar con un grupo especializado e innovador para el manejo de este tipo de proyectos. <br><br>Desarrollamos planes integrales de administraci\u00f3n, mantenimiento y conservaci\u00f3n de las instalaciones entregadas para nuestra operaci\u00f3n, garantizando as\u00ed el crecimiento, conservaci\u00f3n y posicionamiento del inmueble en el mercado inmobiliario. <br><br>Contamos con un equipo humano calificado y experimentado en el desarrollo de estrategias que redundan en beneficio para la continuidad de su negocio, el mantenimiento de su inversi\u00f3n y la optimizaci\u00f3n del presupuesto asignado a la operaci\u00f3n. <br><br>Nuestra experiencia se fundamenta en el manejo integral de edificios empresariales y comerciales, bajo la solidez y respaldo del Grupo AR.<\/p>\n\n\n\n<p><\/p>\n<\/div>\n<\/div>\n\n\n\n<div class=\"wp-block-buttons is-content-justification-center is-layout-flex wp-block-buttons-is-layout-flex\">\n<div class=\"wp-block-button is-style-primary\"><a class=\"wp-block-button__link\" href=\"https:\/\/www.aradministracionintegral.com\/\" target=\"_blank\" rel=\"noreferrer noopener\">IR A LA WEB<\/a><\/div>\n<\/div>\n\n\n\n<div style=\"height:80px\" aria-hidden=\"true\" class=\"wp-block-spacer\"><\/div>\n<\/div><\/div>\n<\/div><\/div>\n","protected":false},"excerpt":{"rendered":"","protected":false},"author":27,"featured_media":1609,"parent":0,"menu_order":0,"comment_status":"closed","ping_status":"closed","template":"","meta":{"neve_meta_sidebar":"","neve_meta_container":"","neve_meta_enable_content_width":"on","neve_meta_content_width":100,"neve_meta_title_alignment":"","neve_meta_author_avatar":"","neve_post_elements_order":"","neve_meta_disable_header":"","neve_meta_disable_footer":"","neve_meta_disable_title":"","footnotes":""},"class_list":["post-1530","page","type-page","status-publish","has-post-thumbnail","hentry"],"yoast_head":"<!-- This site is optimized with the Yoast SEO plugin v27.5 - https:\/\/yoast.com\/product\/yoast-seo-wordpress\/ -->\r\n<title>AR Administraci\u00f3n integral - AR Grupo Empresarial<\/title>\r\n<meta name=\"robots\" content=\"noindex, follow, max-snippet:-1, max-image-preview:large, max-video-preview:-1\" \/>\r\n<meta property=\"og:locale\" content=\"es_ES\" \/>\r\n<meta property=\"og:type\" content=\"article\" \/>\r\n<meta property=\"og:title\" content=\"AR Administraci\u00f3n integral - AR Grupo Empresarial\" \/>\r\n<meta property=\"og:url\" content=\"https:\/\/grupoar.com.co\/?page_id=1530\" \/>\r\n<meta property=\"og:site_name\" content=\"AR Grupo Empresarial\" \/>\r\n<meta property=\"article:modified_time\" content=\"2021-12-20T14:38:45+00:00\" \/>\r\n<meta property=\"og:image\" content=\"https:\/\/grupoar.com.co\/wp-content\/uploads\/2021\/12\/arai.jpeg\" \/>\r\n\t<meta property=\"og:image:width\" content=\"1366\" \/>\r\n\t<meta property=\"og:image:height\" content=\"586\" \/>\r\n\t<meta property=\"og:image:type\" content=\"image\/jpeg\" \/>\r\n<meta name=\"twitter:card\" content=\"summary_large_image\" \/>\r\n<meta name=\"twitter:label1\" content=\"Tiempo de lectura\" \/>\n\t<meta name=\"twitter:data1\" content=\"1 minuto\" \/>\r\n<script type=\"application\/ld+json\" class=\"yoast-schema-graph\">{\"@context\":\"https:\\\/\\\/schema.org\",\"@graph\":[{\"@type\":\"WebPage\",\"@id\":\"https:\\\/\\\/grupoar.com.co\\\/?page_id=1530\",\"url\":\"https:\\\/\\\/grupoar.com.co\\\/?page_id=1530\",\"name\":\"AR Administraci\u00f3n integral - AR Grupo Empresarial\",\"isPartOf\":{\"@id\":\"https:\\\/\\\/grupoar.com.co\\\/#website\"},\"primaryImageOfPage\":{\"@id\":\"https:\\\/\\\/grupoar.com.co\\\/?page_id=1530#primaryimage\"},\"image\":{\"@id\":\"https:\\\/\\\/grupoar.com.co\\\/?page_id=1530#primaryimage\"},\"thumbnailUrl\":\"https:\\\/\\\/grupoar.com.co\\\/wp-content\\\/uploads\\\/2021\\\/12\\\/arai.jpeg\",\"datePublished\":\"2021-12-10T16:52:46+00:00\",\"dateModified\":\"2021-12-20T14:38:45+00:00\",\"breadcrumb\":{\"@id\":\"https:\\\/\\\/grupoar.com.co\\\/?page_id=1530#breadcrumb\"},\"inLanguage\":\"es-CO\",\"potentialAction\":[{\"@type\":\"ReadAction\",\"target\":[\"https:\\\/\\\/grupoar.com.co\\\/?page_id=1530\"]}]},{\"@type\":\"ImageObject\",\"inLanguage\":\"es-CO\",\"@id\":\"https:\\\/\\\/grupoar.com.co\\\/?page_id=1530#primaryimage\",\"url\":\"https:\\\/\\\/grupoar.com.co\\\/wp-content\\\/uploads\\\/2021\\\/12\\\/arai.jpeg\",\"contentUrl\":\"https:\\\/\\\/grupoar.com.co\\\/wp-content\\\/uploads\\\/2021\\\/12\\\/arai.jpeg\",\"width\":1366,\"height\":586,\"caption\":\"Administraci\u00f3n integral\"},{\"@type\":\"BreadcrumbList\",\"@id\":\"https:\\\/\\\/grupoar.com.co\\\/?page_id=1530#breadcrumb\",\"itemListElement\":[{\"@type\":\"ListItem\",\"position\":1,\"name\":\"Inicio\",\"item\":\"https:\\\/\\\/grupoar.com.co\\\/\"},{\"@type\":\"ListItem\",\"position\":2,\"name\":\"AR Administraci\u00f3n integral\"}]},{\"@type\":\"WebSite\",\"@id\":\"https:\\\/\\\/grupoar.com.co\\\/#website\",\"url\":\"https:\\\/\\\/grupoar.com.co\\\/\",\"name\":\"AR Grupo Empresarial\",\"description\":\"AR Grupo Empresarial\",\"publisher\":{\"@id\":\"https:\\\/\\\/grupoar.com.co\\\/#organization\"},\"potentialAction\":[{\"@type\":\"SearchAction\",\"target\":{\"@type\":\"EntryPoint\",\"urlTemplate\":\"https:\\\/\\\/grupoar.com.co\\\/?s={search_term_string}\"},\"query-input\":{\"@type\":\"PropertyValueSpecification\",\"valueRequired\":true,\"valueName\":\"search_term_string\"}}],\"inLanguage\":\"es-CO\"},{\"@type\":\"Organization\",\"@id\":\"https:\\\/\\\/grupoar.com.co\\\/#organization\",\"name\":\"AR Grupo Empresarial\",\"url\":\"https:\\\/\\\/grupoar.com.co\\\/\",\"logo\":{\"@type\":\"ImageObject\",\"inLanguage\":\"es-CO\",\"@id\":\"https:\\\/\\\/grupoar.com.co\\\/#\\\/schema\\\/logo\\\/image\\\/\",\"url\":\"https:\\\/\\\/grupoar.com.co\\\/wp-content\\\/uploads\\\/2021\\\/12\\\/Logo-Grupo-AR.png\",\"contentUrl\":\"https:\\\/\\\/grupoar.com.co\\\/wp-content\\\/uploads\\\/2021\\\/12\\\/Logo-Grupo-AR.png\",\"width\":500,\"height\":219,\"caption\":\"AR Grupo Empresarial\"},\"image\":{\"@id\":\"https:\\\/\\\/grupoar.com.co\\\/#\\\/schema\\\/logo\\\/image\\\/\"}}]}<\/script>\r\n<!-- \/ Yoast SEO plugin. -->","yoast_head_json":{"title":"AR Administraci\u00f3n integral - AR Grupo Empresarial","robots":{"index":"noindex","follow":"follow","max-snippet":"max-snippet:-1","max-image-preview":"max-image-preview:large","max-video-preview":"max-video-preview:-1"},"og_locale":"es_ES","og_type":"article","og_title":"AR Administraci\u00f3n integral - AR Grupo Empresarial","og_url":"https:\/\/grupoar.com.co\/?page_id=1530","og_site_name":"AR Grupo Empresarial","article_modified_time":"2021-12-20T14:38:45+00:00","og_image":[{"width":1366,"height":586,"url":"https:\/\/grupoar.com.co\/wp-content\/uploads\/2021\/12\/arai.jpeg","type":"image\/jpeg"}],"twitter_card":"summary_large_image","twitter_misc":{"Tiempo de lectura":"1 minuto"},"schema":{"@context":"https:\/\/schema.org","@graph":[{"@type":"WebPage","@id":"https:\/\/grupoar.com.co\/?page_id=1530","url":"https:\/\/grupoar.com.co\/?page_id=1530","name":"AR Administraci\u00f3n integral - AR Grupo Empresarial","isPartOf":{"@id":"https:\/\/grupoar.com.co\/#website"},"primaryImageOfPage":{"@id":"https:\/\/grupoar.com.co\/?page_id=1530#primaryimage"},"image":{"@id":"https:\/\/grupoar.com.co\/?page_id=1530#primaryimage"},"thumbnailUrl":"https:\/\/grupoar.com.co\/wp-content\/uploads\/2021\/12\/arai.jpeg","datePublished":"2021-12-10T16:52:46+00:00","dateModified":"2021-12-20T14:38:45+00:00","breadcrumb":{"@id":"https:\/\/grupoar.com.co\/?page_id=1530#breadcrumb"},"inLanguage":"es-CO","potentialAction":[{"@type":"ReadAction","target":["https:\/\/grupoar.com.co\/?page_id=1530"]}]},{"@type":"ImageObject","inLanguage":"es-CO","@id":"https:\/\/grupoar.com.co\/?page_id=1530#primaryimage","url":"https:\/\/grupoar.com.co\/wp-content\/uploads\/2021\/12\/arai.jpeg","contentUrl":"https:\/\/grupoar.com.co\/wp-content\/uploads\/2021\/12\/arai.jpeg","width":1366,"height":586,"caption":"Administraci\u00f3n integral"},{"@type":"BreadcrumbList","@id":"https:\/\/grupoar.com.co\/?page_id=1530#breadcrumb","itemListElement":[{"@type":"ListItem","position":1,"name":"Inicio","item":"https:\/\/grupoar.com.co\/"},{"@type":"ListItem","position":2,"name":"AR Administraci\u00f3n integral"}]},{"@type":"WebSite","@id":"https:\/\/grupoar.com.co\/#website","url":"https:\/\/grupoar.com.co\/","name":"AR Grupo Empresarial","description":"AR Grupo Empresarial","publisher":{"@id":"https:\/\/grupoar.com.co\/#organization"},"potentialAction":[{"@type":"SearchAction","target":{"@type":"EntryPoint","urlTemplate":"https:\/\/grupoar.com.co\/?s={search_term_string}"},"query-input":{"@type":"PropertyValueSpecification","valueRequired":true,"valueName":"search_term_string"}}],"inLanguage":"es-CO"},{"@type":"Organization","@id":"https:\/\/grupoar.com.co\/#organization","name":"AR Grupo Empresarial","url":"https:\/\/grupoar.com.co\/","logo":{"@type":"ImageObject","inLanguage":"es-CO","@id":"https:\/\/grupoar.com.co\/#\/schema\/logo\/image\/","url":"https:\/\/grupoar.com.co\/wp-content\/uploads\/2021\/12\/Logo-Grupo-AR.png","contentUrl":"https:\/\/grupoar.com.co\/wp-content\/uploads\/2021\/12\/Logo-Grupo-AR.png","width":500,"height":219,"caption":"AR Grupo Empresarial"},"image":{"@id":"https:\/\/grupoar.com.co\/#\/schema\/logo\/image\/"}}]}},"_links":{"self":[{"href":"https:\/\/grupoar.com.co\/index.php?rest_route=\/wp\/v2\/pages\/1530","targetHints":{"allow":["GET"]}}],"collection":[{"href":"https:\/\/grupoar.com.co\/index.php?rest_route=\/wp\/v2\/pages"}],"about":[{"href":"https:\/\/grupoar.com.co\/index.php?rest_route=\/wp\/v2\/types\/page"}],"author":[{"embeddable":true,"href":"https:\/\/grupoar.com.co\/index.php?rest_route=\/wp\/v2\/users\/27"}],"replies":[{"embeddable":true,"href":"https:\/\/grupoar.com.co\/index.php?rest_route=%2Fwp%2Fv2%2Fcomments&post=1530"}],"version-history":[{"count":8,"href":"https:\/\/grupoar.com.co\/index.php?rest_route=\/wp\/v2\/pages\/1530\/revisions"}],"predecessor-version":[{"id":1611,"href":"https:\/\/grupoar.com.co\/index.php?rest_route=\/wp\/v2\/pages\/1530\/revisions\/1611"}],"wp:featuredmedia":[{"embeddable":true,"href":"https:\/\/grupoar.com.co\/index.php?rest_route=\/wp\/v2\/media\/1609"}],"wp:attachment":[{"href":"https:\/\/grupoar.com.co\/index.php?rest_route=%2Fwp%2Fv2%2Fmedia&parent=1530"}],"curies":[{"name":"wp","href":"https:\/\/api.w.org\/{rel}","templated":true}]}}