{"id":1758,"date":"2024-06-25T10:36:19","date_gmt":"2024-06-25T15:36:19","guid":{"rendered":"https:\/\/grupoar.com.co\/?page_id=1758"},"modified":"2024-09-11T14:49:15","modified_gmt":"2024-09-11T19:49:15","slug":"terminos-y-condiciones","status":"publish","type":"page","link":"https:\/\/grupoar.com.co\/?page_id=1758","title":{"rendered":"T\u00e9rminos y condiciones"},"content":{"rendered":"\n<div style=\"height:100px\" aria-hidden=\"true\" class=\"wp-block-spacer\"><\/div>\n\n\n\n<p><strong>Manual PTEE (Programa de transparencia y \u00c9tica Empresarial)<\/strong><strong><\/strong><\/p>\n\n\n\n<p>La presente versi\u00f3n 2 \u2013 actualizaci\u00f3n del Manual PTEE contiene las pol\u00edticas en materia de cumplimiento para la prevenci\u00f3n y control de los riesgos de corrupci\u00f3n (\u201cCO\u201d) y Soborno Trasnacional (\u201cST\u201d) y en conjunto \u201cCO\/ST\u201d de conformidad con lo establecido en la Circular Externa 2021-01-488877 del 9 de agosto de 2021 por medio de la cual modific\u00f3 integralmente la Circular Externa No. 100-000003 del 26 de julio de 2016 y adicion\u00f3 el Cap\u00edtulo XIII de la Circular B\u00e1sica Jur\u00eddica del 2017, que introduce las instrucciones y recomendaciones administrativas encaminadas a poner en marcha los PTEE.<\/p>\n\n\n\n<div class=\"wp-block-buttons has-custom-font-size has-small-font-size is-layout-flex wp-block-buttons-is-layout-flex\">\n<div class=\"wp-block-button is-style-primary\"><a class=\"wp-block-button__link wp-element-button\" href=\"https:\/\/storeproyectoar.blob.core.windows.net\/ar-multimedia-resources-container\/Version_publicacion_pagina_2022_PTEE.pdf\">Ver documento<\/a><\/div>\n\n\n\n<div class=\"wp-block-button is-style-primary\"><a class=\"wp-block-button__link wp-element-button\" href=\"https:\/\/storeproyectoar.blob.core.windows.net\/ar-multimedia-resources-container\/Manual-Ingles-PTEE.pdf\">English version<\/a><\/div>\n<\/div>\n\n\n\n<div style=\"height:100px\" aria-hidden=\"true\" class=\"wp-block-spacer\"><\/div>\n\n\n\n<p><strong>Manual Sagrilaft<\/strong><strong><\/strong><\/p>\n\n\n\n<p>La presente versi\u00f3n 2 \u2013 actualizaci\u00f3n del SAGRILAFT contiene las pol\u00edticas en materia de cumplimiento para la prevenci\u00f3n y control de riesgos en lavado de activos (\u201cLA\u201d), financiaci\u00f3n del terrorismo (\u201cFT\u201d) y\/o financiaci\u00f3n de la proliferaci\u00f3n de armas de destrucci\u00f3n masiva (\u201cFPADM\u201d) y en conjunto \u201cLA\/FT\/FPADM\u201d de conformidad con lo establecido en la Circular Externa 100-000016 del 24 de diciembre de 2020 (modificada a su vez por la Circular 100-000004 del 9 de abril de 2021) por medio de la cual se modifica integralmente el Cap\u00edtulo X de la Circular B\u00e1sica Jur\u00eddica de 2017 y se introducen disposiciones que rigen el marco legal del SAGRILAFT.<\/p>\n\n\n\n<div class=\"wp-block-buttons has-custom-font-size has-small-font-size is-content-justification-left is-layout-flex wp-container-core-buttons-is-layout-fdcfc74e wp-block-buttons-is-layout-flex\">\n<div class=\"wp-block-button is-style-primary\"><a class=\"wp-block-button__link wp-element-button\" href=\"https:\/\/storeproyectoar.blob.core.windows.net\/ar-multimedia-resources-container\/Version_publicacion_pagina_2022_SAGRILAFT.pdf\">Ver documento<\/a><\/div>\n\n\n\n<div class=\"wp-block-button is-style-primary\"><a class=\"wp-block-button__link wp-element-button\" href=\"https:\/\/storeproyectoar.blob.core.windows.net\/ar-multimedia-resources-container\/Manual-ingles-SAGRILAFT.pdf\">English version<\/a><\/div>\n<\/div>\n\n\n\n<div style=\"height:100px\" aria-hidden=\"true\" class=\"wp-block-spacer\"><\/div>\n","protected":false},"excerpt":{"rendered":"<p>Manual PTEE (Programa de transparencia y \u00c9tica Empresarial) La presente versi\u00f3n 2 \u2013 actualizaci\u00f3n del Manual PTEE contiene las pol\u00edticas en materia de cumplimiento para la prevenci\u00f3n y control de los riesgos de corrupci\u00f3n (\u201cCO\u201d) y Soborno Trasnacional (\u201cST\u201d) y en conjunto \u201cCO\/ST\u201d de conformidad con lo establecido en la Circular Externa 2021-01-488877 del 9&hellip;&nbsp;<a href=\"https:\/\/grupoar.com.co\/?page_id=1758\" rel=\"bookmark\">Leer m\u00e1s &raquo;<span class=\"screen-reader-text\">T\u00e9rminos y condiciones<\/span><\/a><\/p>\n","protected":false},"author":27,"featured_media":0,"parent":0,"menu_order":0,"comment_status":"closed","ping_status":"closed","template":"","meta":{"neve_meta_sidebar":"","neve_meta_container":"","neve_meta_enable_content_width":"","neve_meta_content_width":0,"neve_meta_title_alignment":"","neve_meta_author_avatar":"","neve_post_elements_order":"","neve_meta_disable_header":"","neve_meta_disable_footer":"","neve_meta_disable_title":"","footnotes":""},"class_list":["post-1758","page","type-page","status-publish","hentry"],"yoast_head":"<!-- This site is optimized with the Yoast SEO plugin v27.4 - https:\/\/yoast.com\/product\/yoast-seo-wordpress\/ -->\r\n<title>T\u00e9rminos y condiciones - AR Grupo Empresarial<\/title>\r\n<meta name=\"robots\" content=\"noindex, follow, max-snippet:-1, max-image-preview:large, max-video-preview:-1\" \/>\r\n<meta property=\"og:locale\" content=\"es_ES\" \/>\r\n<meta property=\"og:type\" content=\"article\" \/>\r\n<meta property=\"og:title\" content=\"T\u00e9rminos y condiciones - AR Grupo Empresarial\" \/>\r\n<meta property=\"og:description\" content=\"Manual PTEE (Programa de transparencia y \u00c9tica Empresarial) La presente versi\u00f3n 2 \u2013 actualizaci\u00f3n del Manual PTEE contiene las pol\u00edticas en materia de cumplimiento para la prevenci\u00f3n y control de los riesgos de corrupci\u00f3n (\u201cCO\u201d) y Soborno Trasnacional (\u201cST\u201d) y en conjunto \u201cCO\/ST\u201d de conformidad con lo establecido en la Circular Externa 2021-01-488877 del 9&hellip;&nbsp;Leer m\u00e1s &raquo;T\u00e9rminos y condiciones\" \/>\r\n<meta property=\"og:url\" content=\"https:\/\/grupoar.com.co\/?page_id=1758\" \/>\r\n<meta property=\"og:site_name\" content=\"AR Grupo Empresarial\" \/>\r\n<meta property=\"article:modified_time\" content=\"2024-09-11T19:49:15+00:00\" \/>\r\n<meta name=\"twitter:card\" content=\"summary_large_image\" \/>\r\n<meta name=\"twitter:label1\" content=\"Tiempo de lectura\" \/>\n\t<meta name=\"twitter:data1\" content=\"1 minuto\" \/>\r\n<script type=\"application\/ld+json\" class=\"yoast-schema-graph\">{\"@context\":\"https:\\\/\\\/schema.org\",\"@graph\":[{\"@type\":\"WebPage\",\"@id\":\"https:\\\/\\\/grupoar.com.co\\\/?page_id=1758\",\"url\":\"https:\\\/\\\/grupoar.com.co\\\/?page_id=1758\",\"name\":\"T\u00e9rminos y condiciones - AR Grupo Empresarial\",\"isPartOf\":{\"@id\":\"https:\\\/\\\/grupoar.com.co\\\/#website\"},\"datePublished\":\"2024-06-25T15:36:19+00:00\",\"dateModified\":\"2024-09-11T19:49:15+00:00\",\"breadcrumb\":{\"@id\":\"https:\\\/\\\/grupoar.com.co\\\/?page_id=1758#breadcrumb\"},\"inLanguage\":\"es-CO\",\"potentialAction\":[{\"@type\":\"ReadAction\",\"target\":[\"https:\\\/\\\/grupoar.com.co\\\/?page_id=1758\"]}]},{\"@type\":\"BreadcrumbList\",\"@id\":\"https:\\\/\\\/grupoar.com.co\\\/?page_id=1758#breadcrumb\",\"itemListElement\":[{\"@type\":\"ListItem\",\"position\":1,\"name\":\"Inicio\",\"item\":\"https:\\\/\\\/grupoar.com.co\\\/\"},{\"@type\":\"ListItem\",\"position\":2,\"name\":\"T\u00e9rminos y condiciones\"}]},{\"@type\":\"WebSite\",\"@id\":\"https:\\\/\\\/grupoar.com.co\\\/#website\",\"url\":\"https:\\\/\\\/grupoar.com.co\\\/\",\"name\":\"AR Grupo Empresarial\",\"description\":\"AR Grupo Empresarial\",\"publisher\":{\"@id\":\"https:\\\/\\\/grupoar.com.co\\\/#organization\"},\"potentialAction\":[{\"@type\":\"SearchAction\",\"target\":{\"@type\":\"EntryPoint\",\"urlTemplate\":\"https:\\\/\\\/grupoar.com.co\\\/?s={search_term_string}\"},\"query-input\":{\"@type\":\"PropertyValueSpecification\",\"valueRequired\":true,\"valueName\":\"search_term_string\"}}],\"inLanguage\":\"es-CO\"},{\"@type\":\"Organization\",\"@id\":\"https:\\\/\\\/grupoar.com.co\\\/#organization\",\"name\":\"AR Grupo Empresarial\",\"url\":\"https:\\\/\\\/grupoar.com.co\\\/\",\"logo\":{\"@type\":\"ImageObject\",\"inLanguage\":\"es-CO\",\"@id\":\"https:\\\/\\\/grupoar.com.co\\\/#\\\/schema\\\/logo\\\/image\\\/\",\"url\":\"https:\\\/\\\/grupoar.com.co\\\/wp-content\\\/uploads\\\/2021\\\/12\\\/Logo-Grupo-AR.png\",\"contentUrl\":\"https:\\\/\\\/grupoar.com.co\\\/wp-content\\\/uploads\\\/2021\\\/12\\\/Logo-Grupo-AR.png\",\"width\":500,\"height\":219,\"caption\":\"AR Grupo Empresarial\"},\"image\":{\"@id\":\"https:\\\/\\\/grupoar.com.co\\\/#\\\/schema\\\/logo\\\/image\\\/\"}}]}<\/script>\r\n<!-- \/ Yoast SEO plugin. -->","yoast_head_json":{"title":"T\u00e9rminos y condiciones - AR Grupo Empresarial","robots":{"index":"noindex","follow":"follow","max-snippet":"max-snippet:-1","max-image-preview":"max-image-preview:large","max-video-preview":"max-video-preview:-1"},"og_locale":"es_ES","og_type":"article","og_title":"T\u00e9rminos y condiciones - AR Grupo Empresarial","og_description":"Manual PTEE (Programa de transparencia y \u00c9tica Empresarial) La presente versi\u00f3n 2 \u2013 actualizaci\u00f3n del Manual PTEE contiene las pol\u00edticas en materia de cumplimiento para la prevenci\u00f3n y control de los riesgos de corrupci\u00f3n (\u201cCO\u201d) y Soborno Trasnacional (\u201cST\u201d) y en conjunto \u201cCO\/ST\u201d de conformidad con lo establecido en la Circular Externa 2021-01-488877 del 9&hellip;&nbsp;Leer m\u00e1s &raquo;T\u00e9rminos y condiciones","og_url":"https:\/\/grupoar.com.co\/?page_id=1758","og_site_name":"AR Grupo Empresarial","article_modified_time":"2024-09-11T19:49:15+00:00","twitter_card":"summary_large_image","twitter_misc":{"Tiempo de lectura":"1 minuto"},"schema":{"@context":"https:\/\/schema.org","@graph":[{"@type":"WebPage","@id":"https:\/\/grupoar.com.co\/?page_id=1758","url":"https:\/\/grupoar.com.co\/?page_id=1758","name":"T\u00e9rminos y condiciones - AR Grupo Empresarial","isPartOf":{"@id":"https:\/\/grupoar.com.co\/#website"},"datePublished":"2024-06-25T15:36:19+00:00","dateModified":"2024-09-11T19:49:15+00:00","breadcrumb":{"@id":"https:\/\/grupoar.com.co\/?page_id=1758#breadcrumb"},"inLanguage":"es-CO","potentialAction":[{"@type":"ReadAction","target":["https:\/\/grupoar.com.co\/?page_id=1758"]}]},{"@type":"BreadcrumbList","@id":"https:\/\/grupoar.com.co\/?page_id=1758#breadcrumb","itemListElement":[{"@type":"ListItem","position":1,"name":"Inicio","item":"https:\/\/grupoar.com.co\/"},{"@type":"ListItem","position":2,"name":"T\u00e9rminos y condiciones"}]},{"@type":"WebSite","@id":"https:\/\/grupoar.com.co\/#website","url":"https:\/\/grupoar.com.co\/","name":"AR Grupo Empresarial","description":"AR Grupo Empresarial","publisher":{"@id":"https:\/\/grupoar.com.co\/#organization"},"potentialAction":[{"@type":"SearchAction","target":{"@type":"EntryPoint","urlTemplate":"https:\/\/grupoar.com.co\/?s={search_term_string}"},"query-input":{"@type":"PropertyValueSpecification","valueRequired":true,"valueName":"search_term_string"}}],"inLanguage":"es-CO"},{"@type":"Organization","@id":"https:\/\/grupoar.com.co\/#organization","name":"AR Grupo Empresarial","url":"https:\/\/grupoar.com.co\/","logo":{"@type":"ImageObject","inLanguage":"es-CO","@id":"https:\/\/grupoar.com.co\/#\/schema\/logo\/image\/","url":"https:\/\/grupoar.com.co\/wp-content\/uploads\/2021\/12\/Logo-Grupo-AR.png","contentUrl":"https:\/\/grupoar.com.co\/wp-content\/uploads\/2021\/12\/Logo-Grupo-AR.png","width":500,"height":219,"caption":"AR Grupo Empresarial"},"image":{"@id":"https:\/\/grupoar.com.co\/#\/schema\/logo\/image\/"}}]}},"_links":{"self":[{"href":"https:\/\/grupoar.com.co\/index.php?rest_route=\/wp\/v2\/pages\/1758","targetHints":{"allow":["GET"]}}],"collection":[{"href":"https:\/\/grupoar.com.co\/index.php?rest_route=\/wp\/v2\/pages"}],"about":[{"href":"https:\/\/grupoar.com.co\/index.php?rest_route=\/wp\/v2\/types\/page"}],"author":[{"embeddable":true,"href":"https:\/\/grupoar.com.co\/index.php?rest_route=\/wp\/v2\/users\/27"}],"replies":[{"embeddable":true,"href":"https:\/\/grupoar.com.co\/index.php?rest_route=%2Fwp%2Fv2%2Fcomments&post=1758"}],"version-history":[{"count":5,"href":"https:\/\/grupoar.com.co\/index.php?rest_route=\/wp\/v2\/pages\/1758\/revisions"}],"predecessor-version":[{"id":1781,"href":"https:\/\/grupoar.com.co\/index.php?rest_route=\/wp\/v2\/pages\/1758\/revisions\/1781"}],"wp:attachment":[{"href":"https:\/\/grupoar.com.co\/index.php?rest_route=%2Fwp%2Fv2%2Fmedia&parent=1758"}],"curies":[{"name":"wp","href":"https:\/\/api.w.org\/{rel}","templated":true}]}}